{"id":142,"date":"2015-08-31T10:12:34","date_gmt":"2015-08-31T08:12:34","guid":{"rendered":"http:\/\/www.altstadthort.altlandsberg.de\/altstadthort\/?page_id=142"},"modified":"2025-09-25T10:37:43","modified_gmt":"2025-09-25T08:37:43","slug":"termine","status":"publish","type":"page","link":"http:\/\/www.altstadthort.altlandsberg.de\/?page_id=142","title":{"rendered":"Termine"},"content":{"rendered":"\r\n<figure class=\"wp-block-table aligncenter is-style-stripes\">\r\n<table class=\"has-fixed-layout\">\r\n<tbody>\r\n<tr>\r\n<td>01.10.2025<\/td>\r\n<td>Begr\u00fc\u00dfungsprogramm f\u00fcr unsere neuen 1. Klassen<\/td>\r\n<\/tr>\r\n<tr>\r\n<td>13.10. &#8211; 17.10.2025<\/td>\r\n<td>Herbstprojektwoche<\/td>\r\n<\/tr>\r\n<tr>\r\n<td>16.10.2025<\/td>\r\n<td>Herbstfest<\/td>\r\n<\/tr>\r\n<tr>\r\n<td>27.11.2025<\/td>\r\n<td>Advents-Caf\u00e9 und Weihnachtsmarkt<\/td>\r\n<\/tr>\r\n<tr>\r\n<td>24.11. &#8211; 28.11.2025<\/td>\r\n<td>Weihnachtswoche<\/td>\r\n<\/tr>\r\n<tr>\r\n<td>01.12. &#8211; 05.12.2025<\/td>\r\n<td>Teddy-Werkstatt<\/td>\r\n<\/tr>\r\n<tr>\r\n<td>51.KW 2024<\/td>\r\n<td>Gruppenweihnachtsfeiern<\/td>\r\n<\/tr>\r\n<tr>\r\n<td>26.01. &#8211; 30.01.2026<\/td>\r\n<td>Winterprojektwoche<\/td>\r\n<\/tr>\r\n<tr>\r\n<td>17.02.2026<\/td>\r\n<td>Fasching<\/td>\r\n<\/tr>\r\n<tr>\r\n<td>23.03. -27.03.2026<\/td>\r\n<td>Osterprojektwoche<\/td>\r\n<\/tr>\r\n<tr>\r\n<td>13.KW 2026<\/td>\r\n<td>Ostergruppenfeiern<\/td>\r\n<\/tr>\r\n<tr>\r\n<td>12.05.2026<\/td>\r\n<td>Subbotnik<\/td>\r\n<\/tr>\r\n<tr>\r\n<td>28.05.2026<\/td>\r\n<td>Hort-Caf\u00e9<\/td>\r\n<\/tr>\r\n<tr>\r\n<td>01.06.2026<\/td>\r\n<td>Kindertag<\/td>\r\n<\/tr>\r\n<tr>\r\n<td>08.07.2026<\/td>\r\n<td>Zeugnistag<\/td>\r\n<\/tr>\r\n<tr>\r\n<td>05.09.2026<\/td>\r\n<td>Vogelscheuchenmarkt \/ Tag offener H\u00f6fe<\/td>\r\n<\/tr>\r\n<tr>\r\n<td>&nbsp;<\/td>\r\n<td>&nbsp;<\/td>\r\n<\/tr>\r\n<\/tbody>\r\n<\/table>\r\n<\/figure>\r\n","protected":false},"excerpt":{"rendered":"<p>01.10.2025 Begr\u00fc\u00dfungsprogramm f\u00fcr unsere neuen 1. Klassen 13.10. &#8211; 17.10.2025 Herbstprojektwoche 16.10.2025 Herbstfest 27.11.2025 Advents-Caf\u00e9 und Weihnachtsmarkt 24.11. &#8211; 28.11.2025 Weihnachtswoche 01.12. &#8211; 05.12.2025 Teddy-Werkstatt 51.KW 2024 Gruppenweihnachtsfeiern 26.01. &#8211; 30.01.2026 Winterprojektwoche 17.02.2026 Fasching 23.03. -27.03.2026 Osterprojektwoche 13.KW 2026 Ostergruppenfeiern 12.05.2026 Subbotnik 28.05.2026 Hort-Caf\u00e9 01.06.2026 Kindertag 08.07.2026 Zeugnistag 05.09.2026 Vogelscheuchenmarkt \/ Tag offener H\u00f6fe &nbsp; [&hellip;]<\/p>\n","protected":false},"author":2,"featured_media":0,"parent":0,"menu_order":0,"comment_status":"closed","ping_status":"closed","template":"","meta":{"ngg_post_thumbnail":0,"footnotes":""},"class_list":["post-142","page","type-page","status-publish","hentry"],"yoast_head":"<!-- This site is optimized with the Yoast SEO plugin v27.6 - https:\/\/yoast.com\/product\/yoast-seo-wordpress\/ -->\n<title>Termine -<\/title>\n<meta name=\"robots\" content=\"noindex, nofollow\" \/>\n<meta property=\"og:locale\" content=\"de_DE\" \/>\n<meta property=\"og:type\" content=\"article\" \/>\n<meta property=\"og:title\" content=\"Termine -\" \/>\n<meta property=\"og:description\" content=\"01.10.2025 Begr\u00fc\u00dfungsprogramm f\u00fcr unsere neuen 1. Klassen 13.10. &#8211; 17.10.2025 Herbstprojektwoche 16.10.2025 Herbstfest 27.11.2025 Advents-Caf\u00e9 und Weihnachtsmarkt 24.11. &#8211; 28.11.2025 Weihnachtswoche 01.12. &#8211; 05.12.2025 Teddy-Werkstatt 51.KW 2024 Gruppenweihnachtsfeiern 26.01. &#8211; 30.01.2026 Winterprojektwoche 17.02.2026 Fasching 23.03. -27.03.2026 Osterprojektwoche 13.KW 2026 Ostergruppenfeiern 12.05.2026 Subbotnik 28.05.2026 Hort-Caf\u00e9 01.06.2026 Kindertag 08.07.2026 Zeugnistag 05.09.2026 Vogelscheuchenmarkt \/ Tag offener H\u00f6fe &nbsp; [&hellip;]\" \/>\n<meta property=\"og:url\" content=\"http:\/\/www.altstadthort.altlandsberg.de\/?page_id=142\" \/>\n<meta property=\"article:modified_time\" content=\"2025-09-25T08:37:43+00:00\" \/>\n<meta name=\"twitter:card\" content=\"summary_large_image\" \/>\n<meta name=\"twitter:label1\" content=\"Gesch\u00e4tzte Lesezeit\" \/>\n\t<meta name=\"twitter:data1\" content=\"1\u00a0Minute\" \/>\n<script type=\"application\/ld+json\" class=\"yoast-schema-graph\">{\"@context\":\"https:\\\/\\\/schema.org\",\"@graph\":[{\"@type\":\"WebPage\",\"@id\":\"http:\\\/\\\/www.altstadthort.altlandsberg.de\\\/?page_id=142\",\"url\":\"http:\\\/\\\/www.altstadthort.altlandsberg.de\\\/?page_id=142\",\"name\":\"Termine -\",\"isPartOf\":{\"@id\":\"http:\\\/\\\/www.altstadthort.altlandsberg.de\\\/#website\"},\"datePublished\":\"2015-08-31T08:12:34+00:00\",\"dateModified\":\"2025-09-25T08:37:43+00:00\",\"breadcrumb\":{\"@id\":\"http:\\\/\\\/www.altstadthort.altlandsberg.de\\\/?page_id=142#breadcrumb\"},\"inLanguage\":\"de\",\"potentialAction\":[{\"@type\":\"ReadAction\",\"target\":[\"http:\\\/\\\/www.altstadthort.altlandsberg.de\\\/?page_id=142\"]}]},{\"@type\":\"BreadcrumbList\",\"@id\":\"http:\\\/\\\/www.altstadthort.altlandsberg.de\\\/?page_id=142#breadcrumb\",\"itemListElement\":[{\"@type\":\"ListItem\",\"position\":1,\"name\":\"Startseite\",\"item\":\"http:\\\/\\\/www.altstadthort.altlandsberg.de\\\/\"},{\"@type\":\"ListItem\",\"position\":2,\"name\":\"Termine\"}]},{\"@type\":\"WebSite\",\"@id\":\"http:\\\/\\\/www.altstadthort.altlandsberg.de\\\/#website\",\"url\":\"http:\\\/\\\/www.altstadthort.altlandsberg.de\\\/\",\"name\":\"\",\"description\":\"\",\"potentialAction\":[{\"@type\":\"SearchAction\",\"target\":{\"@type\":\"EntryPoint\",\"urlTemplate\":\"http:\\\/\\\/www.altstadthort.altlandsberg.de\\\/?s={search_term_string}\"},\"query-input\":{\"@type\":\"PropertyValueSpecification\",\"valueRequired\":true,\"valueName\":\"search_term_string\"}}],\"inLanguage\":\"de\"}]}<\/script>\n<!-- \/ Yoast SEO plugin. -->","yoast_head_json":{"title":"Termine -","robots":{"index":"noindex","follow":"nofollow"},"og_locale":"de_DE","og_type":"article","og_title":"Termine -","og_description":"01.10.2025 Begr\u00fc\u00dfungsprogramm f\u00fcr unsere neuen 1. Klassen 13.10. &#8211; 17.10.2025 Herbstprojektwoche 16.10.2025 Herbstfest 27.11.2025 Advents-Caf\u00e9 und Weihnachtsmarkt 24.11. &#8211; 28.11.2025 Weihnachtswoche 01.12. &#8211; 05.12.2025 Teddy-Werkstatt 51.KW 2024 Gruppenweihnachtsfeiern 26.01. &#8211; 30.01.2026 Winterprojektwoche 17.02.2026 Fasching 23.03. -27.03.2026 Osterprojektwoche 13.KW 2026 Ostergruppenfeiern 12.05.2026 Subbotnik 28.05.2026 Hort-Caf\u00e9 01.06.2026 Kindertag 08.07.2026 Zeugnistag 05.09.2026 Vogelscheuchenmarkt \/ Tag offener H\u00f6fe &nbsp; [&hellip;]","og_url":"http:\/\/www.altstadthort.altlandsberg.de\/?page_id=142","article_modified_time":"2025-09-25T08:37:43+00:00","twitter_card":"summary_large_image","twitter_misc":{"Gesch\u00e4tzte Lesezeit":"1\u00a0Minute"},"schema":{"@context":"https:\/\/schema.org","@graph":[{"@type":"WebPage","@id":"http:\/\/www.altstadthort.altlandsberg.de\/?page_id=142","url":"http:\/\/www.altstadthort.altlandsberg.de\/?page_id=142","name":"Termine -","isPartOf":{"@id":"http:\/\/www.altstadthort.altlandsberg.de\/#website"},"datePublished":"2015-08-31T08:12:34+00:00","dateModified":"2025-09-25T08:37:43+00:00","breadcrumb":{"@id":"http:\/\/www.altstadthort.altlandsberg.de\/?page_id=142#breadcrumb"},"inLanguage":"de","potentialAction":[{"@type":"ReadAction","target":["http:\/\/www.altstadthort.altlandsberg.de\/?page_id=142"]}]},{"@type":"BreadcrumbList","@id":"http:\/\/www.altstadthort.altlandsberg.de\/?page_id=142#breadcrumb","itemListElement":[{"@type":"ListItem","position":1,"name":"Startseite","item":"http:\/\/www.altstadthort.altlandsberg.de\/"},{"@type":"ListItem","position":2,"name":"Termine"}]},{"@type":"WebSite","@id":"http:\/\/www.altstadthort.altlandsberg.de\/#website","url":"http:\/\/www.altstadthort.altlandsberg.de\/","name":"","description":"","potentialAction":[{"@type":"SearchAction","target":{"@type":"EntryPoint","urlTemplate":"http:\/\/www.altstadthort.altlandsberg.de\/?s={search_term_string}"},"query-input":{"@type":"PropertyValueSpecification","valueRequired":true,"valueName":"search_term_string"}}],"inLanguage":"de"}]}},"_links":{"self":[{"href":"http:\/\/www.altstadthort.altlandsberg.de\/index.php?rest_route=\/wp\/v2\/pages\/142","targetHints":{"allow":["GET"]}}],"collection":[{"href":"http:\/\/www.altstadthort.altlandsberg.de\/index.php?rest_route=\/wp\/v2\/pages"}],"about":[{"href":"http:\/\/www.altstadthort.altlandsberg.de\/index.php?rest_route=\/wp\/v2\/types\/page"}],"author":[{"embeddable":true,"href":"http:\/\/www.altstadthort.altlandsberg.de\/index.php?rest_route=\/wp\/v2\/users\/2"}],"replies":[{"embeddable":true,"href":"http:\/\/www.altstadthort.altlandsberg.de\/index.php?rest_route=%2Fwp%2Fv2%2Fcomments&post=142"}],"version-history":[{"count":53,"href":"http:\/\/www.altstadthort.altlandsberg.de\/index.php?rest_route=\/wp\/v2\/pages\/142\/revisions"}],"predecessor-version":[{"id":1223,"href":"http:\/\/www.altstadthort.altlandsberg.de\/index.php?rest_route=\/wp\/v2\/pages\/142\/revisions\/1223"}],"wp:attachment":[{"href":"http:\/\/www.altstadthort.altlandsberg.de\/index.php?rest_route=%2Fwp%2Fv2%2Fmedia&parent=142"}],"curies":[{"name":"wp","href":"https:\/\/api.w.org\/{rel}","templated":true}]}}