{"id":18,"date":"2015-07-16T08:37:50","date_gmt":"2015-07-16T06:37:50","guid":{"rendered":"http:\/\/www.altstadthort.altlandsberg.de\/altstadthort\/?page_id=18"},"modified":"2019-04-30T09:41:52","modified_gmt":"2019-04-30T07:41:52","slug":"hilfe","status":"publish","type":"page","link":"http:\/\/www.altstadthort.altlandsberg.de\/?page_id=18","title":{"rendered":"Hilfe"},"content":{"rendered":"<p><strong>Antragstellung<\/strong><\/p>\n<p>Der Rechtsanspruch auf Kindertagesbetreuung wird durch den Landkreis M\u00e4rkisch-Oderland gepr\u00fcft. Die Feststellung des Rechtsanspruches ist die Voraussetzung f\u00fcr die Betreuung in einer Kindertagesst\u00e4tte, Kindertagespflege oder anderen Angeboten. Wenn Sie Ihr Kind f\u00fcr unseren Hort anmelden m\u00f6chten f\u00fchrt Sie der erste Weg in die Altlandsberger Stadtverwaltung &#8211; Abteilung B\u00fcrgerdienste (Tel. 033438 \/ 15626). Besichtigungstermine im Hort vereinbaren Sie bitte unbedingt vorher mit der Leiterin &#8211; Frau Witt &#8211; telefonisch unter 033438 \/ 169083.<\/p>\n<p><strong>Woher bekomme ich Antragsformulare?<\/strong><\/p>\n<p>Die Eltern k\u00f6nnen die Antr\u00e4ge in der zust\u00e4ndigen Stadt-, Gemeinde- Amtsverwaltung (z.B. Rathaus Altlandsberg) oder im Jugendamt des Landkreises erhalten. Die Formulare gibt es nicht im Hort.<br \/>\nEs besteht zudem die M\u00f6glichkeit, ein Antragsformular unter der URL:<\/p>\n<p><a href=\"http:\/\/www.maerkisch-oderland.de\/cms\/upload\/pdf\/formulare\/kindertagesbetreuung\/Antrag-RA2008.pdf\" target=\"_blank\" rel=\"noopener noreferrer\">http:\/\/www.maerkisch-oderland.de\/cms\/upload\/pdf\/formulare\/kindertagesbetreuung\/Antrag-RA2008.pdf<\/a><br \/>\nauszuf\u00fcllen und auszudrucken.<\/p>\n<p><strong>Wo sind die Antr\u00e4ge abzugeben?<\/strong><\/p>\n<p>Zur Abgabe der Antr\u00e4ge m\u00fcssen die Eltern nicht pers\u00f6nlich das Jugendamt Seelow aufsuchen. Sie k\u00f6nnen per Post, Fax oder E-Mail-Anhang eingereicht werden. Die entsprechenden Adressen sind auf den Antr\u00e4gen vermerkt.<\/p>\n<p><strong>Wie lange dauert in der Regel die Bearbeitungszeit?<\/strong><\/p>\n<p>Die Antr\u00e4ge sollten im Normalfall m\u00f6glichst 2-3 Monate vor gew\u00fcnschtem Betreuungsbeginn eingereicht sein. In Sonderf\u00e4llen, wie zum Beispiel eine kurzfristige Arbeitsaufnahme der Eltern k\u00f6nnen auch zeitnahe Bearbeitungen durch das Jugendamt realisiert werden.<\/p>\n<p><strong>Nach Feststellung des Rechtsanspruches: Wo beantrage ich den Hort-Platz?<\/strong><\/p>\n<p>Die Anmeldung des Kindes im Hort erfolgt beim Tr\u00e4ger der Einrichtung, in unserem Falle also die Stadt Altlandsberg.<\/p>\n<p><strong>Wie melde ich mein Kind f\u00fcr die Betreuung an schulfreien Tagen, beziehungsweise w\u00e4hrend der Schulferien an?<\/strong><\/p>\n<p>Hierzu erhalten Sie unser Anmelde-Formular im Hort. Au\u00dferdem k\u00f6nnen Sie sich das Anmeldeformular auch als Pdf-Dokument herunterladen, ausdrucken, ausf\u00fcllen und unterschrieben im Hort abgeben.<\/p>\n<p><strong>Wo kann ich das Mittagessen und Vesper\u00a0f\u00fcr mein Kind abbestellen?<\/strong><\/p>\n<p>Die Abbestellung der Verpflegung ist bis 8.00 Uhr morgens des betreffenden Tages m\u00f6glich. Bitte Kundennummer bereithalten. Unter der Hotline (03341\/24972) ist z.T. ein Anrufbeantworter geschaltet, auf dem aber ebenso zuverl\u00e4ssig Abmeldungen registriert werden.<\/p>\n","protected":false},"excerpt":{"rendered":"<p>Antragstellung Der Rechtsanspruch auf Kindertagesbetreuung wird durch den Landkreis M\u00e4rkisch-Oderland gepr\u00fcft. Die Feststellung des Rechtsanspruches ist die Voraussetzung f\u00fcr die Betreuung in einer Kindertagesst\u00e4tte, Kindertagespflege oder anderen Angeboten. Wenn Sie Ihr Kind f\u00fcr unseren Hort anmelden m\u00f6chten f\u00fchrt Sie der erste Weg in die Altlandsberger Stadtverwaltung &#8211; Abteilung B\u00fcrgerdienste (Tel. 033438 \/ 15626). Besichtigungstermine im [&hellip;]<\/p>\n","protected":false},"author":2,"featured_media":0,"parent":0,"menu_order":0,"comment_status":"closed","ping_status":"closed","template":"","meta":{"ngg_post_thumbnail":0,"footnotes":""},"class_list":["post-18","page","type-page","status-publish","hentry"],"yoast_head":"<!-- This site is optimized with the Yoast SEO plugin v27.3 - https:\/\/yoast.com\/product\/yoast-seo-wordpress\/ -->\n<title>Hilfe -<\/title>\n<meta name=\"robots\" content=\"noindex, nofollow\" \/>\n<meta property=\"og:locale\" content=\"de_DE\" \/>\n<meta property=\"og:type\" content=\"article\" \/>\n<meta property=\"og:title\" content=\"Hilfe -\" \/>\n<meta property=\"og:description\" content=\"Antragstellung Der Rechtsanspruch auf Kindertagesbetreuung wird durch den Landkreis M\u00e4rkisch-Oderland gepr\u00fcft. Die Feststellung des Rechtsanspruches ist die Voraussetzung f\u00fcr die Betreuung in einer Kindertagesst\u00e4tte, Kindertagespflege oder anderen Angeboten. Wenn Sie Ihr Kind f\u00fcr unseren Hort anmelden m\u00f6chten f\u00fchrt Sie der erste Weg in die Altlandsberger Stadtverwaltung &#8211; Abteilung B\u00fcrgerdienste (Tel. 033438 \/ 15626). Besichtigungstermine im [&hellip;]\" \/>\n<meta property=\"og:url\" content=\"http:\/\/www.altstadthort.altlandsberg.de\/?page_id=18\" \/>\n<meta property=\"article:modified_time\" content=\"2019-04-30T07:41:52+00:00\" \/>\n<meta name=\"twitter:card\" content=\"summary_large_image\" \/>\n<meta name=\"twitter:label1\" content=\"Gesch\u00e4tzte Lesezeit\" \/>\n\t<meta name=\"twitter:data1\" content=\"2\u00a0Minuten\" \/>\n<script type=\"application\/ld+json\" class=\"yoast-schema-graph\">{\"@context\":\"https:\\\/\\\/schema.org\",\"@graph\":[{\"@type\":\"WebPage\",\"@id\":\"http:\\\/\\\/www.altstadthort.altlandsberg.de\\\/?page_id=18\",\"url\":\"http:\\\/\\\/www.altstadthort.altlandsberg.de\\\/?page_id=18\",\"name\":\"Hilfe -\",\"isPartOf\":{\"@id\":\"http:\\\/\\\/www.altstadthort.altlandsberg.de\\\/#website\"},\"datePublished\":\"2015-07-16T06:37:50+00:00\",\"dateModified\":\"2019-04-30T07:41:52+00:00\",\"breadcrumb\":{\"@id\":\"http:\\\/\\\/www.altstadthort.altlandsberg.de\\\/?page_id=18#breadcrumb\"},\"inLanguage\":\"de\",\"potentialAction\":[{\"@type\":\"ReadAction\",\"target\":[\"http:\\\/\\\/www.altstadthort.altlandsberg.de\\\/?page_id=18\"]}]},{\"@type\":\"BreadcrumbList\",\"@id\":\"http:\\\/\\\/www.altstadthort.altlandsberg.de\\\/?page_id=18#breadcrumb\",\"itemListElement\":[{\"@type\":\"ListItem\",\"position\":1,\"name\":\"Startseite\",\"item\":\"http:\\\/\\\/www.altstadthort.altlandsberg.de\\\/\"},{\"@type\":\"ListItem\",\"position\":2,\"name\":\"Hilfe\"}]},{\"@type\":\"WebSite\",\"@id\":\"http:\\\/\\\/www.altstadthort.altlandsberg.de\\\/#website\",\"url\":\"http:\\\/\\\/www.altstadthort.altlandsberg.de\\\/\",\"name\":\"\",\"description\":\"\",\"potentialAction\":[{\"@type\":\"SearchAction\",\"target\":{\"@type\":\"EntryPoint\",\"urlTemplate\":\"http:\\\/\\\/www.altstadthort.altlandsberg.de\\\/?s={search_term_string}\"},\"query-input\":{\"@type\":\"PropertyValueSpecification\",\"valueRequired\":true,\"valueName\":\"search_term_string\"}}],\"inLanguage\":\"de\"}]}<\/script>\n<!-- \/ Yoast SEO plugin. -->","yoast_head_json":{"title":"Hilfe -","robots":{"index":"noindex","follow":"nofollow"},"og_locale":"de_DE","og_type":"article","og_title":"Hilfe -","og_description":"Antragstellung Der Rechtsanspruch auf Kindertagesbetreuung wird durch den Landkreis M\u00e4rkisch-Oderland gepr\u00fcft. Die Feststellung des Rechtsanspruches ist die Voraussetzung f\u00fcr die Betreuung in einer Kindertagesst\u00e4tte, Kindertagespflege oder anderen Angeboten. Wenn Sie Ihr Kind f\u00fcr unseren Hort anmelden m\u00f6chten f\u00fchrt Sie der erste Weg in die Altlandsberger Stadtverwaltung &#8211; Abteilung B\u00fcrgerdienste (Tel. 033438 \/ 15626). Besichtigungstermine im [&hellip;]","og_url":"http:\/\/www.altstadthort.altlandsberg.de\/?page_id=18","article_modified_time":"2019-04-30T07:41:52+00:00","twitter_card":"summary_large_image","twitter_misc":{"Gesch\u00e4tzte Lesezeit":"2\u00a0Minuten"},"schema":{"@context":"https:\/\/schema.org","@graph":[{"@type":"WebPage","@id":"http:\/\/www.altstadthort.altlandsberg.de\/?page_id=18","url":"http:\/\/www.altstadthort.altlandsberg.de\/?page_id=18","name":"Hilfe -","isPartOf":{"@id":"http:\/\/www.altstadthort.altlandsberg.de\/#website"},"datePublished":"2015-07-16T06:37:50+00:00","dateModified":"2019-04-30T07:41:52+00:00","breadcrumb":{"@id":"http:\/\/www.altstadthort.altlandsberg.de\/?page_id=18#breadcrumb"},"inLanguage":"de","potentialAction":[{"@type":"ReadAction","target":["http:\/\/www.altstadthort.altlandsberg.de\/?page_id=18"]}]},{"@type":"BreadcrumbList","@id":"http:\/\/www.altstadthort.altlandsberg.de\/?page_id=18#breadcrumb","itemListElement":[{"@type":"ListItem","position":1,"name":"Startseite","item":"http:\/\/www.altstadthort.altlandsberg.de\/"},{"@type":"ListItem","position":2,"name":"Hilfe"}]},{"@type":"WebSite","@id":"http:\/\/www.altstadthort.altlandsberg.de\/#website","url":"http:\/\/www.altstadthort.altlandsberg.de\/","name":"","description":"","potentialAction":[{"@type":"SearchAction","target":{"@type":"EntryPoint","urlTemplate":"http:\/\/www.altstadthort.altlandsberg.de\/?s={search_term_string}"},"query-input":{"@type":"PropertyValueSpecification","valueRequired":true,"valueName":"search_term_string"}}],"inLanguage":"de"}]}},"_links":{"self":[{"href":"http:\/\/www.altstadthort.altlandsberg.de\/index.php?rest_route=\/wp\/v2\/pages\/18","targetHints":{"allow":["GET"]}}],"collection":[{"href":"http:\/\/www.altstadthort.altlandsberg.de\/index.php?rest_route=\/wp\/v2\/pages"}],"about":[{"href":"http:\/\/www.altstadthort.altlandsberg.de\/index.php?rest_route=\/wp\/v2\/types\/page"}],"author":[{"embeddable":true,"href":"http:\/\/www.altstadthort.altlandsberg.de\/index.php?rest_route=\/wp\/v2\/users\/2"}],"replies":[{"embeddable":true,"href":"http:\/\/www.altstadthort.altlandsberg.de\/index.php?rest_route=%2Fwp%2Fv2%2Fcomments&post=18"}],"version-history":[{"count":8,"href":"http:\/\/www.altstadthort.altlandsberg.de\/index.php?rest_route=\/wp\/v2\/pages\/18\/revisions"}],"predecessor-version":[{"id":540,"href":"http:\/\/www.altstadthort.altlandsberg.de\/index.php?rest_route=\/wp\/v2\/pages\/18\/revisions\/540"}],"wp:attachment":[{"href":"http:\/\/www.altstadthort.altlandsberg.de\/index.php?rest_route=%2Fwp%2Fv2%2Fmedia&parent=18"}],"curies":[{"name":"wp","href":"https:\/\/api.w.org\/{rel}","templated":true}]}}