{"id":309,"date":"2020-05-13T15:55:40","date_gmt":"2020-05-13T13:55:40","guid":{"rendered":"http:\/\/www.altstadthort.altlandsberg.de\/?page_id=309"},"modified":"2025-01-02T12:12:51","modified_gmt":"2025-01-02T11:12:51","slug":"hortis-in-aktion","status":"publish","type":"page","link":"http:\/\/www.altstadthort.altlandsberg.de\/?page_id=309","title":{"rendered":"Hortis in Aktion"},"content":{"rendered":"\r\n<p>Hier m\u00f6chten wir euch einen kleinen Eindruck von unserem Hort-Alltag vermitteln.<\/p>\r\n\r\n\r\n\r\n<p>Nicht jeder Tag ist gleich. Nicht einmal dann, wenn die Kinder scheinbar immer das gleiche spielen, basteln oder mit anderem aktiv sind. Und bei all ihrem Tun st\u00e4rken sie ihre Selbstst\u00e4ndigkeit und ihr Selbstbewusstsein und werden zu individuellen Pers\u00f6nlichkeiten, die anfangen Eigenverantwortung zu \u00fcbernehmen.<\/p>\r\n\r\n\r\n\r\n<p>&nbsp;<\/p>\r\n<p><span style=\"color: #339966;\"><strong>Weihnachtszeit &#8211; Julia wollte von unseren Hortkindern wissen, wie sie sich auf Weihnachten vorbereiten.<\/strong><\/span><\/p>\r\n<p>&nbsp;<\/p>\r\n\r\n\r\n\r\n<figure class=\"wp-block-video\"><video style=\"aspect-ratio: 1920 \/ 1080;\" src=\"http:\/\/www.altstadthort.altlandsberg.de\/wp-content\/uploads\/2024\/12\/1_Johanna.mp4\" controls=\"controls\" width=\"1920\" height=\"1080\"><span data-mce-type=\"bookmark\" style=\"display: inline-block; width: 0px; overflow: hidden; line-height: 0;\" class=\"mce_SELRES_start\">\ufeff<\/span><\/video>\r\n<figcaption>Johanna<\/figcaption>\r\n<\/figure>\r\n\r\n\r\n\r\n<figure class=\"wp-block-video\"><video style=\"aspect-ratio: 1920 \/ 1080;\" src=\"http:\/\/www.altstadthort.altlandsberg.de\/wp-content\/uploads\/2024\/12\/2_Sophia.mp4\" controls=\"controls\" width=\"1920\" height=\"1080\"><span data-mce-type=\"bookmark\" style=\"display: inline-block; width: 0px; overflow: hidden; line-height: 0;\" class=\"mce_SELRES_start\">\ufeff<\/span><\/video>\r\n<figcaption>Sophia<\/figcaption>\r\n<\/figure>\r\n\r\n\r\n\r\n<figure class=\"wp-block-video\"><video style=\"aspect-ratio: 1920 \/ 1080;\" src=\"http:\/\/www.altstadthort.altlandsberg.de\/wp-content\/uploads\/2024\/12\/3_Jette.mp4\" controls=\"controls\" width=\"1920\" height=\"1080\"><span data-mce-type=\"bookmark\" style=\"display: inline-block; width: 0px; overflow: hidden; line-height: 0;\" class=\"mce_SELRES_start\">\ufeff<\/span><\/video>\r\n<figcaption>Jette<\/figcaption>\r\n<\/figure>\r\n\r\n\r\n\r\n<figure class=\"wp-block-video\"><video style=\"aspect-ratio: 1920 \/ 1080;\" src=\"http:\/\/www.altstadthort.altlandsberg.de\/wp-content\/uploads\/2024\/12\/4_Emma.mp4\" controls=\"controls\" width=\"1920\" height=\"1080\"><span data-mce-type=\"bookmark\" style=\"display: inline-block; width: 0px; overflow: hidden; line-height: 0;\" class=\"mce_SELRES_start\">\ufeff<\/span><\/video>\r\n<figcaption>Emma<\/figcaption>\r\n<\/figure>\r\n\r\n\r\n\r\n<figure class=\"wp-block-video\"><video style=\"aspect-ratio: 1920 \/ 1080;\" src=\"http:\/\/www.altstadthort.altlandsberg.de\/wp-content\/uploads\/2024\/12\/6_Elli.mp4\" controls=\"controls\" width=\"1920\" height=\"1080\"><span data-mce-type=\"bookmark\" style=\"display: inline-block; width: 0px; overflow: hidden; line-height: 0;\" class=\"mce_SELRES_start\">\ufeff<\/span><\/video>\r\n<figcaption>Elli<\/figcaption>\r\n<\/figure>\r\n\r\n\r\n\r\n<figure class=\"wp-block-video\"><video style=\"aspect-ratio: 1920 \/ 1080;\" src=\"http:\/\/www.altstadthort.altlandsberg.de\/wp-content\/uploads\/2025\/01\/7_Finn.mp4\" controls=\"controls\" width=\"1920\" height=\"1080\"><span data-mce-type=\"bookmark\" style=\"display: inline-block; width: 0px; overflow: hidden; line-height: 0;\" class=\"mce_SELRES_start\">\ufeff<\/span><\/video>\r\n<figcaption>Finn<\/figcaption>\r\n<\/figure>\r\n\r\n\r\n\r\n<figure class=\"wp-block-video\"><video style=\"aspect-ratio: 1920 \/ 1080;\" src=\"http:\/\/www.altstadthort.altlandsberg.de\/wp-content\/uploads\/2024\/12\/8_Julian.mp4\" controls=\"controls\" width=\"1920\" height=\"1080\"><span data-mce-type=\"bookmark\" style=\"display: inline-block; width: 0px; overflow: hidden; line-height: 0;\" class=\"mce_SELRES_start\">\ufeff<\/span><\/video>\r\n<figcaption>Julian<\/figcaption>\r\n<\/figure>\r\n\r\n\r\n\r\n<figure class=\"wp-block-video\"><video style=\"aspect-ratio: 1920 \/ 1080;\" src=\"http:\/\/www.altstadthort.altlandsberg.de\/wp-content\/uploads\/2024\/12\/10_Julia.mp4\" controls=\"controls\" width=\"1920\" height=\"1080\"><span data-mce-type=\"bookmark\" style=\"display: inline-block; width: 0px; overflow: hidden; line-height: 0;\" class=\"mce_SELRES_start\">\ufeff<\/span><\/video>\r\n<figcaption>Julia<\/figcaption>\r\n<\/figure>\r\n\r\n\r\n\r\n<p>&nbsp;<\/p>\r\n<p class=\"has-text-color\" style=\"color: #0071a1;\"><br><strong>Traumberufe &#8211; wisst ihr schon, wo ihr sp\u00e4ter einmal arbeiten m\u00f6chtet? Charlotte und Sessi haben hier ein paar Tipps f\u00fcr euch&#8230; \ud83d\ude42 <\/strong><\/p>\r\n\r\n\r\n\r\n<figure class=\"wp-block-video\"><video style=\"aspect-ratio: 1920 \/ 1080;\" src=\"http:\/\/www.altstadthort.altlandsberg.de\/wp-content\/uploads\/2020\/06\/Traumberufe_02.06.2020.mp4\" controls=\"controls\" width=\"1920\" height=\"1080\"><\/video>\r\n<figcaption>Traumberufe<\/figcaption>\r\n<\/figure>\r\n\r\n\r\n\r\n<p>&nbsp;<\/p>\r\n<p>&nbsp;<\/p>\r\n<p><span style=\"color: #ff0000;\"><strong>Aus unserem Hortalltag<\/strong><\/span><\/p>\r\n<p>&nbsp;<\/p>\r\n<p>Oftmals halten wir B<a href=\"http:\/\/www.altstadthort.altlandsberg.de\/wp-content\/uploads\/2023\/01\/Till.png\"><img loading=\"lazy\" decoding=\"async\" class=\"size-medium wp-image-1011 alignleft\" src=\"http:\/\/www.altstadthort.altlandsberg.de\/wp-content\/uploads\/2023\/01\/Till-168x300.png\" alt=\"\" width=\"168\" height=\"300\" srcset=\"http:\/\/www.altstadthort.altlandsberg.de\/wp-content\/uploads\/2023\/01\/Till-168x300.png 168w, http:\/\/www.altstadthort.altlandsberg.de\/wp-content\/uploads\/2023\/01\/Till-575x1024.png 575w, http:\/\/www.altstadthort.altlandsberg.de\/wp-content\/uploads\/2023\/01\/Till.png 580w\" sizes=\"auto, (max-width: 168px) 100vw, 168px\" \/><\/a>eobachtungen und Besonderes in den Portfolios der Kinder fest. Das folgende Erlebnis soll einen kleinen Eindruck dar\u00fcber geben:<\/p>\r\n<p><span style=\"color: #ff0000;\"><span style=\"color: #000000;\">Montags finden in unserem Hort unterschiedliche Arbeitsgemeinschaften statt:&nbsp; <\/span><\/span>Kreativwerkstatt, Yoga, Line-Dance, N\u00e4hstube. Till aus der 3. Klasse besucht die 1.-Hilfe-AG. Neulich wurde Till von seiner Erzieherin in der folgenden Situation beobachtet:<\/p>\r\n<p>Lieber Till,<\/p>\r\n<p>Dein Freund Anton hatte mit einem anderen Kind einen kleinen Zusammensto\u00df am Kopf. Er sa\u00df am Boden und blutete aus dem Mund. In der 1.-Hilfe-AG hast du schon einiges \u00fcber 1.-Hilfe-Ma\u00dfnahmen bei einem Unfall geh\u00f6rt. Dadurch konntest du sofort reagieren: Du hast Anton in die stabile Seitenlage gelegt, damit er sich nicht an dem Blut, was aus der Wunde im Mund lief, verschluckt. Gleichzeitig hast du einige Kinder losgeschickt, um eine Erzieherin zu holen. Du bist in dieser Zeit bei Anton geblieben und hast ihn beruhigt.<\/p>\r\n<p>Als die Erzieherin kam, um euch zu helfen, war sie ganz sch\u00f6n gepl\u00e4ttet, wie du Anton versorgt hast und was Du schon alles bei der AG gelernt hast. Auch ich bin mega stolz auf dich. Denn es zeigt mir, dass Du in meiner AG sehr aufmerksam bist und das Gelernte auch umsetzen kannst.<\/p>\r\n<p>Durch dein schnelles und beherztes Eingreifen hast du daf\u00fcr gesorgt, dass Anton schnell geholfen werden konnte. &nbsp;Das nenne ich Zivilcourage: helfen, wenn jemand in Not ist und nicht einfach wegsehen.<\/p>\r\n<p>Lieber Till, mach weiter so, solche Menschen brauchen wir in unser Gesellschaft. Wir sind super stolz auf dich.<\/p>\r\n<p>Deine AG-Erzieherin<\/p>\r\n\r\n\r\n\r\n\r\n","protected":false},"excerpt":{"rendered":"<p>Hier m\u00f6chten wir euch einen kleinen Eindruck von unserem Hort-Alltag vermitteln. Nicht jeder Tag ist gleich. Nicht einmal dann, wenn die Kinder scheinbar immer das gleiche spielen, basteln oder mit anderem aktiv sind. Und bei all ihrem Tun st\u00e4rken sie ihre Selbstst\u00e4ndigkeit und ihr Selbstbewusstsein und werden zu individuellen Pers\u00f6nlichkeiten, die anfangen Eigenverantwortung zu \u00fcbernehmen. [&hellip;]<\/p>\n","protected":false},"author":2,"featured_media":0,"parent":0,"menu_order":0,"comment_status":"closed","ping_status":"closed","template":"","meta":{"ngg_post_thumbnail":0,"footnotes":""},"class_list":["post-309","page","type-page","status-publish","hentry"],"yoast_head":"<!-- This site is optimized with the Yoast SEO plugin v27.6 - https:\/\/yoast.com\/product\/yoast-seo-wordpress\/ -->\n<title>Hortis in Aktion -<\/title>\n<meta name=\"robots\" content=\"noindex, nofollow\" \/>\n<meta property=\"og:locale\" content=\"de_DE\" \/>\n<meta property=\"og:type\" content=\"article\" \/>\n<meta property=\"og:title\" content=\"Hortis in Aktion -\" \/>\n<meta property=\"og:description\" content=\"Hier m\u00f6chten wir euch einen kleinen Eindruck von unserem Hort-Alltag vermitteln. Nicht jeder Tag ist gleich. Nicht einmal dann, wenn die Kinder scheinbar immer das gleiche spielen, basteln oder mit anderem aktiv sind. Und bei all ihrem Tun st\u00e4rken sie ihre Selbstst\u00e4ndigkeit und ihr Selbstbewusstsein und werden zu individuellen Pers\u00f6nlichkeiten, die anfangen Eigenverantwortung zu \u00fcbernehmen. [&hellip;]\" \/>\n<meta property=\"og:url\" content=\"http:\/\/www.altstadthort.altlandsberg.de\/?page_id=309\" \/>\n<meta property=\"article:modified_time\" content=\"2025-01-02T11:12:51+00:00\" \/>\n<meta property=\"og:image\" content=\"http:\/\/www.altstadthort.altlandsberg.de\/wp-content\/uploads\/2023\/01\/Till-168x300.png\" \/>\n<meta name=\"twitter:card\" content=\"summary_large_image\" \/>\n<meta name=\"twitter:label1\" content=\"Gesch\u00e4tzte Lesezeit\" \/>\n\t<meta name=\"twitter:data1\" content=\"3\u00a0Minuten\" \/>\n<script type=\"application\/ld+json\" class=\"yoast-schema-graph\">{\"@context\":\"https:\\\/\\\/schema.org\",\"@graph\":[{\"@type\":\"WebPage\",\"@id\":\"http:\\\/\\\/www.altstadthort.altlandsberg.de\\\/?page_id=309\",\"url\":\"http:\\\/\\\/www.altstadthort.altlandsberg.de\\\/?page_id=309\",\"name\":\"Hortis in Aktion -\",\"isPartOf\":{\"@id\":\"http:\\\/\\\/www.altstadthort.altlandsberg.de\\\/#website\"},\"primaryImageOfPage\":{\"@id\":\"http:\\\/\\\/www.altstadthort.altlandsberg.de\\\/?page_id=309#primaryimage\"},\"image\":{\"@id\":\"http:\\\/\\\/www.altstadthort.altlandsberg.de\\\/?page_id=309#primaryimage\"},\"thumbnailUrl\":\"http:\\\/\\\/www.altstadthort.altlandsberg.de\\\/wp-content\\\/uploads\\\/2023\\\/01\\\/Till-168x300.png\",\"datePublished\":\"2020-05-13T13:55:40+00:00\",\"dateModified\":\"2025-01-02T11:12:51+00:00\",\"breadcrumb\":{\"@id\":\"http:\\\/\\\/www.altstadthort.altlandsberg.de\\\/?page_id=309#breadcrumb\"},\"inLanguage\":\"de\",\"potentialAction\":[{\"@type\":\"ReadAction\",\"target\":[\"http:\\\/\\\/www.altstadthort.altlandsberg.de\\\/?page_id=309\"]}]},{\"@type\":\"ImageObject\",\"inLanguage\":\"de\",\"@id\":\"http:\\\/\\\/www.altstadthort.altlandsberg.de\\\/?page_id=309#primaryimage\",\"url\":\"http:\\\/\\\/www.altstadthort.altlandsberg.de\\\/wp-content\\\/uploads\\\/2023\\\/01\\\/Till.png\",\"contentUrl\":\"http:\\\/\\\/www.altstadthort.altlandsberg.de\\\/wp-content\\\/uploads\\\/2023\\\/01\\\/Till.png\",\"width\":580,\"height\":1033},{\"@type\":\"BreadcrumbList\",\"@id\":\"http:\\\/\\\/www.altstadthort.altlandsberg.de\\\/?page_id=309#breadcrumb\",\"itemListElement\":[{\"@type\":\"ListItem\",\"position\":1,\"name\":\"Startseite\",\"item\":\"http:\\\/\\\/www.altstadthort.altlandsberg.de\\\/\"},{\"@type\":\"ListItem\",\"position\":2,\"name\":\"Hortis in Aktion\"}]},{\"@type\":\"WebSite\",\"@id\":\"http:\\\/\\\/www.altstadthort.altlandsberg.de\\\/#website\",\"url\":\"http:\\\/\\\/www.altstadthort.altlandsberg.de\\\/\",\"name\":\"\",\"description\":\"\",\"potentialAction\":[{\"@type\":\"SearchAction\",\"target\":{\"@type\":\"EntryPoint\",\"urlTemplate\":\"http:\\\/\\\/www.altstadthort.altlandsberg.de\\\/?s={search_term_string}\"},\"query-input\":{\"@type\":\"PropertyValueSpecification\",\"valueRequired\":true,\"valueName\":\"search_term_string\"}}],\"inLanguage\":\"de\"}]}<\/script>\n<!-- \/ Yoast SEO plugin. -->","yoast_head_json":{"title":"Hortis in Aktion -","robots":{"index":"noindex","follow":"nofollow"},"og_locale":"de_DE","og_type":"article","og_title":"Hortis in Aktion -","og_description":"Hier m\u00f6chten wir euch einen kleinen Eindruck von unserem Hort-Alltag vermitteln. Nicht jeder Tag ist gleich. Nicht einmal dann, wenn die Kinder scheinbar immer das gleiche spielen, basteln oder mit anderem aktiv sind. Und bei all ihrem Tun st\u00e4rken sie ihre Selbstst\u00e4ndigkeit und ihr Selbstbewusstsein und werden zu individuellen Pers\u00f6nlichkeiten, die anfangen Eigenverantwortung zu \u00fcbernehmen. [&hellip;]","og_url":"http:\/\/www.altstadthort.altlandsberg.de\/?page_id=309","article_modified_time":"2025-01-02T11:12:51+00:00","og_image":[{"url":"http:\/\/www.altstadthort.altlandsberg.de\/wp-content\/uploads\/2023\/01\/Till-168x300.png","type":"","width":"","height":""}],"twitter_card":"summary_large_image","twitter_misc":{"Gesch\u00e4tzte Lesezeit":"3\u00a0Minuten"},"schema":{"@context":"https:\/\/schema.org","@graph":[{"@type":"WebPage","@id":"http:\/\/www.altstadthort.altlandsberg.de\/?page_id=309","url":"http:\/\/www.altstadthort.altlandsberg.de\/?page_id=309","name":"Hortis in Aktion -","isPartOf":{"@id":"http:\/\/www.altstadthort.altlandsberg.de\/#website"},"primaryImageOfPage":{"@id":"http:\/\/www.altstadthort.altlandsberg.de\/?page_id=309#primaryimage"},"image":{"@id":"http:\/\/www.altstadthort.altlandsberg.de\/?page_id=309#primaryimage"},"thumbnailUrl":"http:\/\/www.altstadthort.altlandsberg.de\/wp-content\/uploads\/2023\/01\/Till-168x300.png","datePublished":"2020-05-13T13:55:40+00:00","dateModified":"2025-01-02T11:12:51+00:00","breadcrumb":{"@id":"http:\/\/www.altstadthort.altlandsberg.de\/?page_id=309#breadcrumb"},"inLanguage":"de","potentialAction":[{"@type":"ReadAction","target":["http:\/\/www.altstadthort.altlandsberg.de\/?page_id=309"]}]},{"@type":"ImageObject","inLanguage":"de","@id":"http:\/\/www.altstadthort.altlandsberg.de\/?page_id=309#primaryimage","url":"http:\/\/www.altstadthort.altlandsberg.de\/wp-content\/uploads\/2023\/01\/Till.png","contentUrl":"http:\/\/www.altstadthort.altlandsberg.de\/wp-content\/uploads\/2023\/01\/Till.png","width":580,"height":1033},{"@type":"BreadcrumbList","@id":"http:\/\/www.altstadthort.altlandsberg.de\/?page_id=309#breadcrumb","itemListElement":[{"@type":"ListItem","position":1,"name":"Startseite","item":"http:\/\/www.altstadthort.altlandsberg.de\/"},{"@type":"ListItem","position":2,"name":"Hortis in Aktion"}]},{"@type":"WebSite","@id":"http:\/\/www.altstadthort.altlandsberg.de\/#website","url":"http:\/\/www.altstadthort.altlandsberg.de\/","name":"","description":"","potentialAction":[{"@type":"SearchAction","target":{"@type":"EntryPoint","urlTemplate":"http:\/\/www.altstadthort.altlandsberg.de\/?s={search_term_string}"},"query-input":{"@type":"PropertyValueSpecification","valueRequired":true,"valueName":"search_term_string"}}],"inLanguage":"de"}]}},"_links":{"self":[{"href":"http:\/\/www.altstadthort.altlandsberg.de\/index.php?rest_route=\/wp\/v2\/pages\/309","targetHints":{"allow":["GET"]}}],"collection":[{"href":"http:\/\/www.altstadthort.altlandsberg.de\/index.php?rest_route=\/wp\/v2\/pages"}],"about":[{"href":"http:\/\/www.altstadthort.altlandsberg.de\/index.php?rest_route=\/wp\/v2\/types\/page"}],"author":[{"embeddable":true,"href":"http:\/\/www.altstadthort.altlandsberg.de\/index.php?rest_route=\/wp\/v2\/users\/2"}],"replies":[{"embeddable":true,"href":"http:\/\/www.altstadthort.altlandsberg.de\/index.php?rest_route=%2Fwp%2Fv2%2Fcomments&post=309"}],"version-history":[{"count":48,"href":"http:\/\/www.altstadthort.altlandsberg.de\/index.php?rest_route=\/wp\/v2\/pages\/309\/revisions"}],"predecessor-version":[{"id":1184,"href":"http:\/\/www.altstadthort.altlandsberg.de\/index.php?rest_route=\/wp\/v2\/pages\/309\/revisions\/1184"}],"wp:attachment":[{"href":"http:\/\/www.altstadthort.altlandsberg.de\/index.php?rest_route=%2Fwp%2Fv2%2Fmedia&parent=309"}],"curies":[{"name":"wp","href":"https:\/\/api.w.org\/{rel}","templated":true}]}}