{"id":341,"date":"2016-10-17T13:38:47","date_gmt":"2016-10-17T11:38:47","guid":{"rendered":"http:\/\/www.altstadthort.altlandsberg.de\/?page_id=341"},"modified":"2018-05-28T21:44:02","modified_gmt":"2018-05-28T19:44:02","slug":"fundsachen","status":"publish","type":"page","link":"http:\/\/www.altstadthort.altlandsberg.de\/?page_id=341","title":{"rendered":"Fundsachen"},"content":{"rendered":"<p>\u00dcber den folgenden Link k\u00f6nnen Sie die Fundsachen sehen, die sich in unserer Einrichtung befinden.<\/p>\n<p>Bitte haben Sie Verst\u00e4ndnis, dass die abgebildeten Sachen nicht immer auf dem aktuellen Stand sind.<\/p>\n<p><a href=\"https:\/\/www.dropbox.com\/sh\/r6dl4cc3m3e78vg\/AABqfMG2P9wkuzDaG5l0noHda?dl=0\" target=\"_blank\" rel=\"noopener\">Fundsachen in der Dropbox<\/a><\/p>\n<p>Wenn Sie etwas entdeckt haben, das Ihnen bzw. Ihrem Kind geh\u00f6rt, k\u00f6nnen Sie sich an Jaqueline Schatz wenden. Am besten beschriften Sie die Anziehsachen Ihres Kindes. So k\u00f6nnen wir&nbsp;sie zuordnen und sie landen gar nicht erst in der Sammelbox. \ud83d\ude09<\/p>\n","protected":false},"excerpt":{"rendered":"<p>\u00dcber den folgenden Link k\u00f6nnen Sie die Fundsachen sehen, die sich in unserer Einrichtung befinden. Bitte haben Sie Verst\u00e4ndnis, dass die abgebildeten Sachen nicht immer auf dem aktuellen Stand sind. Fundsachen in der Dropbox Wenn Sie etwas entdeckt haben, das Ihnen bzw. Ihrem Kind geh\u00f6rt, k\u00f6nnen Sie sich an Jaqueline Schatz wenden. Am besten beschriften [&hellip;]<\/p>\n","protected":false},"author":2,"featured_media":0,"parent":0,"menu_order":0,"comment_status":"closed","ping_status":"closed","template":"","meta":{"ngg_post_thumbnail":0,"footnotes":""},"class_list":["post-341","page","type-page","status-publish","hentry"],"yoast_head":"<!-- This site is optimized with the Yoast SEO plugin v27.5 - https:\/\/yoast.com\/product\/yoast-seo-wordpress\/ -->\n<title>Fundsachen -<\/title>\n<meta name=\"robots\" content=\"noindex, nofollow\" \/>\n<meta property=\"og:locale\" content=\"de_DE\" \/>\n<meta property=\"og:type\" content=\"article\" \/>\n<meta property=\"og:title\" content=\"Fundsachen -\" \/>\n<meta property=\"og:description\" content=\"\u00dcber den folgenden Link k\u00f6nnen Sie die Fundsachen sehen, die sich in unserer Einrichtung befinden. Bitte haben Sie Verst\u00e4ndnis, dass die abgebildeten Sachen nicht immer auf dem aktuellen Stand sind. Fundsachen in der Dropbox Wenn Sie etwas entdeckt haben, das Ihnen bzw. Ihrem Kind geh\u00f6rt, k\u00f6nnen Sie sich an Jaqueline Schatz wenden. Am besten beschriften [&hellip;]\" \/>\n<meta property=\"og:url\" content=\"http:\/\/www.altstadthort.altlandsberg.de\/?page_id=341\" \/>\n<meta property=\"article:modified_time\" content=\"2018-05-28T19:44:02+00:00\" \/>\n<meta name=\"twitter:card\" content=\"summary_large_image\" \/>\n<script type=\"application\/ld+json\" class=\"yoast-schema-graph\">{\"@context\":\"https:\\\/\\\/schema.org\",\"@graph\":[{\"@type\":\"WebPage\",\"@id\":\"http:\\\/\\\/www.altstadthort.altlandsberg.de\\\/?page_id=341\",\"url\":\"http:\\\/\\\/www.altstadthort.altlandsberg.de\\\/?page_id=341\",\"name\":\"Fundsachen -\",\"isPartOf\":{\"@id\":\"http:\\\/\\\/www.altstadthort.altlandsberg.de\\\/#website\"},\"datePublished\":\"2016-10-17T11:38:47+00:00\",\"dateModified\":\"2018-05-28T19:44:02+00:00\",\"breadcrumb\":{\"@id\":\"http:\\\/\\\/www.altstadthort.altlandsberg.de\\\/?page_id=341#breadcrumb\"},\"inLanguage\":\"de\",\"potentialAction\":[{\"@type\":\"ReadAction\",\"target\":[\"http:\\\/\\\/www.altstadthort.altlandsberg.de\\\/?page_id=341\"]}]},{\"@type\":\"BreadcrumbList\",\"@id\":\"http:\\\/\\\/www.altstadthort.altlandsberg.de\\\/?page_id=341#breadcrumb\",\"itemListElement\":[{\"@type\":\"ListItem\",\"position\":1,\"name\":\"Startseite\",\"item\":\"http:\\\/\\\/www.altstadthort.altlandsberg.de\\\/\"},{\"@type\":\"ListItem\",\"position\":2,\"name\":\"Fundsachen\"}]},{\"@type\":\"WebSite\",\"@id\":\"http:\\\/\\\/www.altstadthort.altlandsberg.de\\\/#website\",\"url\":\"http:\\\/\\\/www.altstadthort.altlandsberg.de\\\/\",\"name\":\"\",\"description\":\"\",\"potentialAction\":[{\"@type\":\"SearchAction\",\"target\":{\"@type\":\"EntryPoint\",\"urlTemplate\":\"http:\\\/\\\/www.altstadthort.altlandsberg.de\\\/?s={search_term_string}\"},\"query-input\":{\"@type\":\"PropertyValueSpecification\",\"valueRequired\":true,\"valueName\":\"search_term_string\"}}],\"inLanguage\":\"de\"}]}<\/script>\n<!-- \/ Yoast SEO plugin. -->","yoast_head_json":{"title":"Fundsachen -","robots":{"index":"noindex","follow":"nofollow"},"og_locale":"de_DE","og_type":"article","og_title":"Fundsachen -","og_description":"\u00dcber den folgenden Link k\u00f6nnen Sie die Fundsachen sehen, die sich in unserer Einrichtung befinden. Bitte haben Sie Verst\u00e4ndnis, dass die abgebildeten Sachen nicht immer auf dem aktuellen Stand sind. Fundsachen in der Dropbox Wenn Sie etwas entdeckt haben, das Ihnen bzw. Ihrem Kind geh\u00f6rt, k\u00f6nnen Sie sich an Jaqueline Schatz wenden. Am besten beschriften [&hellip;]","og_url":"http:\/\/www.altstadthort.altlandsberg.de\/?page_id=341","article_modified_time":"2018-05-28T19:44:02+00:00","twitter_card":"summary_large_image","schema":{"@context":"https:\/\/schema.org","@graph":[{"@type":"WebPage","@id":"http:\/\/www.altstadthort.altlandsberg.de\/?page_id=341","url":"http:\/\/www.altstadthort.altlandsberg.de\/?page_id=341","name":"Fundsachen -","isPartOf":{"@id":"http:\/\/www.altstadthort.altlandsberg.de\/#website"},"datePublished":"2016-10-17T11:38:47+00:00","dateModified":"2018-05-28T19:44:02+00:00","breadcrumb":{"@id":"http:\/\/www.altstadthort.altlandsberg.de\/?page_id=341#breadcrumb"},"inLanguage":"de","potentialAction":[{"@type":"ReadAction","target":["http:\/\/www.altstadthort.altlandsberg.de\/?page_id=341"]}]},{"@type":"BreadcrumbList","@id":"http:\/\/www.altstadthort.altlandsberg.de\/?page_id=341#breadcrumb","itemListElement":[{"@type":"ListItem","position":1,"name":"Startseite","item":"http:\/\/www.altstadthort.altlandsberg.de\/"},{"@type":"ListItem","position":2,"name":"Fundsachen"}]},{"@type":"WebSite","@id":"http:\/\/www.altstadthort.altlandsberg.de\/#website","url":"http:\/\/www.altstadthort.altlandsberg.de\/","name":"","description":"","potentialAction":[{"@type":"SearchAction","target":{"@type":"EntryPoint","urlTemplate":"http:\/\/www.altstadthort.altlandsberg.de\/?s={search_term_string}"},"query-input":{"@type":"PropertyValueSpecification","valueRequired":true,"valueName":"search_term_string"}}],"inLanguage":"de"}]}},"_links":{"self":[{"href":"http:\/\/www.altstadthort.altlandsberg.de\/index.php?rest_route=\/wp\/v2\/pages\/341","targetHints":{"allow":["GET"]}}],"collection":[{"href":"http:\/\/www.altstadthort.altlandsberg.de\/index.php?rest_route=\/wp\/v2\/pages"}],"about":[{"href":"http:\/\/www.altstadthort.altlandsberg.de\/index.php?rest_route=\/wp\/v2\/types\/page"}],"author":[{"embeddable":true,"href":"http:\/\/www.altstadthort.altlandsberg.de\/index.php?rest_route=\/wp\/v2\/users\/2"}],"replies":[{"embeddable":true,"href":"http:\/\/www.altstadthort.altlandsberg.de\/index.php?rest_route=%2Fwp%2Fv2%2Fcomments&post=341"}],"version-history":[{"count":7,"href":"http:\/\/www.altstadthort.altlandsberg.de\/index.php?rest_route=\/wp\/v2\/pages\/341\/revisions"}],"predecessor-version":[{"id":455,"href":"http:\/\/www.altstadthort.altlandsberg.de\/index.php?rest_route=\/wp\/v2\/pages\/341\/revisions\/455"}],"wp:attachment":[{"href":"http:\/\/www.altstadthort.altlandsberg.de\/index.php?rest_route=%2Fwp%2Fv2%2Fmedia&parent=341"}],"curies":[{"name":"wp","href":"https:\/\/api.w.org\/{rel}","templated":true}]}}