{"id":385,"date":"2017-04-19T11:47:04","date_gmt":"2017-04-19T09:47:04","guid":{"rendered":"http:\/\/www.altstadthort.altlandsberg.de\/?page_id=385"},"modified":"2021-08-19T16:35:48","modified_gmt":"2021-08-19T14:35:48","slug":"foerderverein-2","status":"publish","type":"page","link":"http:\/\/www.altstadthort.altlandsberg.de\/?page_id=385","title":{"rendered":"F\u00f6rderverein"},"content":{"rendered":"<p><strong>Auszug aus dem Bericht des Vorstandes zum Jahr 2020: <\/strong><\/p>\n<ul>\n<li>Der FV unterst\u00fctzte den Hort aktiv beim Neujahrsempfang. Durch den Verkauf von Speisen und Getr\u00e4nken konnten finanzielle Mittel f\u00fcr Vereinszwecke eingenommen werden. Weiterhin konnten beim \u201everwunschenen Konzert\u201c im August kleine Einnahmen beim Kaffee- und Kuchenverkauf gemacht werden. Es musste jedoch ein kostenpflichtiges Gastst\u00e4ttengewerbe bei der Stadt Altlandsberg beantragt werden. Der NJE ist weniger eine finanzielle Unterst\u00fctzung, sondern sollte eher so gesehen werden, dass wir uns als F\u00f6rderverein pr\u00e4sentieren und Aufmerksamkeit erhalten.<\/li>\n<li>Gemeinsam mit Sodexo konnte der F\u00f6rderverein in den Winterferien mit 20 Kinder ein Kochevent zum Thema gesunde Ern\u00e4hrung umsetzen.<\/li>\n<li>Der Teddymacher war in 2020 zwar nicht pers\u00f6nlich anwesend, dennoch konnten mit Hilfe des Hortteams viele kleine Freunde gen\u00e4ht werden und es gab eine gro\u00dfz\u00fcgige Spende von Martin-B\u00e4ren.<\/li>\n<li>Weiterhin wurde in 2020 ein Beamer mit Leinwand angeschafft. Der Einbau erfolgte bereits im M\u00e4rz mit Unterst\u00fctzung von Fa. Thasler und LMV Baerwolf. Nun k\u00f6nnen beispielsweise zum Hortcaf\u00e9 Fotos von vergangen Projekten laufen, so dass die Eltern mehr \u00fcber die p\u00e4dagogische Arbeit mit ihren Kindern erfahren. Der Beamer eignet sich auch f\u00fcr Filmvorf\u00fchrungen und andere Pr\u00e4sentationen.<\/li>\n<\/ul>\n<ul>\n<li>F\u00fcr den Musikbereich wurden 6 Blackboxen angeschafft, mit denen die Kinder unterschiedliche Musiktitel im Percussion-Style rhythmisch nachspielen k\u00f6nnen.<\/li>\n<\/ul>\n<p><strong>Planung f\u00fcr 2021:<\/strong><\/p>\n<p>Pandemiebedingt wird es keine konkrete Vorabplanung geben.<\/p>\n<p>Die Durchf\u00fchrung von Hort-Caf\u00e9s und Projektangeboten wird situationsbedingt kurzfristig geplant. Die Mitglieder werden vorher informiert und \u00fcber notwendige Unterst\u00fctzungsm\u00f6glichkeiten informiert.<\/p>\n","protected":false},"excerpt":{"rendered":"<p>Auszug aus dem Bericht des Vorstandes zum Jahr 2020: Der FV unterst\u00fctzte den Hort aktiv beim Neujahrsempfang. Durch den Verkauf von Speisen und Getr\u00e4nken konnten finanzielle Mittel f\u00fcr Vereinszwecke eingenommen werden. Weiterhin konnten beim \u201everwunschenen Konzert\u201c im August kleine Einnahmen beim Kaffee- und Kuchenverkauf gemacht werden. Es musste jedoch ein kostenpflichtiges Gastst\u00e4ttengewerbe bei der Stadt [&hellip;]<\/p>\n","protected":false},"author":2,"featured_media":0,"parent":0,"menu_order":0,"comment_status":"closed","ping_status":"closed","template":"","meta":{"ngg_post_thumbnail":0,"footnotes":""},"class_list":["post-385","page","type-page","status-publish","hentry"],"yoast_head":"<!-- This site is optimized with the Yoast SEO plugin v27.4 - https:\/\/yoast.com\/product\/yoast-seo-wordpress\/ -->\n<title>F\u00f6rderverein -<\/title>\n<meta name=\"robots\" content=\"noindex, nofollow\" \/>\n<meta property=\"og:locale\" content=\"de_DE\" \/>\n<meta property=\"og:type\" content=\"article\" \/>\n<meta property=\"og:title\" content=\"F\u00f6rderverein -\" \/>\n<meta property=\"og:description\" content=\"Auszug aus dem Bericht des Vorstandes zum Jahr 2020: Der FV unterst\u00fctzte den Hort aktiv beim Neujahrsempfang. Durch den Verkauf von Speisen und Getr\u00e4nken konnten finanzielle Mittel f\u00fcr Vereinszwecke eingenommen werden. Weiterhin konnten beim \u201everwunschenen Konzert\u201c im August kleine Einnahmen beim Kaffee- und Kuchenverkauf gemacht werden. Es musste jedoch ein kostenpflichtiges Gastst\u00e4ttengewerbe bei der Stadt [&hellip;]\" \/>\n<meta property=\"og:url\" content=\"http:\/\/www.altstadthort.altlandsberg.de\/?page_id=385\" \/>\n<meta property=\"article:modified_time\" content=\"2021-08-19T14:35:48+00:00\" \/>\n<meta name=\"twitter:card\" content=\"summary_large_image\" \/>\n<meta name=\"twitter:label1\" content=\"Gesch\u00e4tzte Lesezeit\" \/>\n\t<meta name=\"twitter:data1\" content=\"2\u00a0Minuten\" \/>\n<script type=\"application\/ld+json\" class=\"yoast-schema-graph\">{\"@context\":\"https:\\\/\\\/schema.org\",\"@graph\":[{\"@type\":\"WebPage\",\"@id\":\"http:\\\/\\\/www.altstadthort.altlandsberg.de\\\/?page_id=385\",\"url\":\"http:\\\/\\\/www.altstadthort.altlandsberg.de\\\/?page_id=385\",\"name\":\"F\u00f6rderverein -\",\"isPartOf\":{\"@id\":\"http:\\\/\\\/www.altstadthort.altlandsberg.de\\\/#website\"},\"datePublished\":\"2017-04-19T09:47:04+00:00\",\"dateModified\":\"2021-08-19T14:35:48+00:00\",\"breadcrumb\":{\"@id\":\"http:\\\/\\\/www.altstadthort.altlandsberg.de\\\/?page_id=385#breadcrumb\"},\"inLanguage\":\"de\",\"potentialAction\":[{\"@type\":\"ReadAction\",\"target\":[\"http:\\\/\\\/www.altstadthort.altlandsberg.de\\\/?page_id=385\"]}]},{\"@type\":\"BreadcrumbList\",\"@id\":\"http:\\\/\\\/www.altstadthort.altlandsberg.de\\\/?page_id=385#breadcrumb\",\"itemListElement\":[{\"@type\":\"ListItem\",\"position\":1,\"name\":\"Startseite\",\"item\":\"http:\\\/\\\/www.altstadthort.altlandsberg.de\\\/\"},{\"@type\":\"ListItem\",\"position\":2,\"name\":\"F\u00f6rderverein\"}]},{\"@type\":\"WebSite\",\"@id\":\"http:\\\/\\\/www.altstadthort.altlandsberg.de\\\/#website\",\"url\":\"http:\\\/\\\/www.altstadthort.altlandsberg.de\\\/\",\"name\":\"\",\"description\":\"\",\"potentialAction\":[{\"@type\":\"SearchAction\",\"target\":{\"@type\":\"EntryPoint\",\"urlTemplate\":\"http:\\\/\\\/www.altstadthort.altlandsberg.de\\\/?s={search_term_string}\"},\"query-input\":{\"@type\":\"PropertyValueSpecification\",\"valueRequired\":true,\"valueName\":\"search_term_string\"}}],\"inLanguage\":\"de\"}]}<\/script>\n<!-- \/ Yoast SEO plugin. -->","yoast_head_json":{"title":"F\u00f6rderverein -","robots":{"index":"noindex","follow":"nofollow"},"og_locale":"de_DE","og_type":"article","og_title":"F\u00f6rderverein -","og_description":"Auszug aus dem Bericht des Vorstandes zum Jahr 2020: Der FV unterst\u00fctzte den Hort aktiv beim Neujahrsempfang. Durch den Verkauf von Speisen und Getr\u00e4nken konnten finanzielle Mittel f\u00fcr Vereinszwecke eingenommen werden. Weiterhin konnten beim \u201everwunschenen Konzert\u201c im August kleine Einnahmen beim Kaffee- und Kuchenverkauf gemacht werden. Es musste jedoch ein kostenpflichtiges Gastst\u00e4ttengewerbe bei der Stadt [&hellip;]","og_url":"http:\/\/www.altstadthort.altlandsberg.de\/?page_id=385","article_modified_time":"2021-08-19T14:35:48+00:00","twitter_card":"summary_large_image","twitter_misc":{"Gesch\u00e4tzte Lesezeit":"2\u00a0Minuten"},"schema":{"@context":"https:\/\/schema.org","@graph":[{"@type":"WebPage","@id":"http:\/\/www.altstadthort.altlandsberg.de\/?page_id=385","url":"http:\/\/www.altstadthort.altlandsberg.de\/?page_id=385","name":"F\u00f6rderverein -","isPartOf":{"@id":"http:\/\/www.altstadthort.altlandsberg.de\/#website"},"datePublished":"2017-04-19T09:47:04+00:00","dateModified":"2021-08-19T14:35:48+00:00","breadcrumb":{"@id":"http:\/\/www.altstadthort.altlandsberg.de\/?page_id=385#breadcrumb"},"inLanguage":"de","potentialAction":[{"@type":"ReadAction","target":["http:\/\/www.altstadthort.altlandsberg.de\/?page_id=385"]}]},{"@type":"BreadcrumbList","@id":"http:\/\/www.altstadthort.altlandsberg.de\/?page_id=385#breadcrumb","itemListElement":[{"@type":"ListItem","position":1,"name":"Startseite","item":"http:\/\/www.altstadthort.altlandsberg.de\/"},{"@type":"ListItem","position":2,"name":"F\u00f6rderverein"}]},{"@type":"WebSite","@id":"http:\/\/www.altstadthort.altlandsberg.de\/#website","url":"http:\/\/www.altstadthort.altlandsberg.de\/","name":"","description":"","potentialAction":[{"@type":"SearchAction","target":{"@type":"EntryPoint","urlTemplate":"http:\/\/www.altstadthort.altlandsberg.de\/?s={search_term_string}"},"query-input":{"@type":"PropertyValueSpecification","valueRequired":true,"valueName":"search_term_string"}}],"inLanguage":"de"}]}},"_links":{"self":[{"href":"http:\/\/www.altstadthort.altlandsberg.de\/index.php?rest_route=\/wp\/v2\/pages\/385","targetHints":{"allow":["GET"]}}],"collection":[{"href":"http:\/\/www.altstadthort.altlandsberg.de\/index.php?rest_route=\/wp\/v2\/pages"}],"about":[{"href":"http:\/\/www.altstadthort.altlandsberg.de\/index.php?rest_route=\/wp\/v2\/types\/page"}],"author":[{"embeddable":true,"href":"http:\/\/www.altstadthort.altlandsberg.de\/index.php?rest_route=\/wp\/v2\/users\/2"}],"replies":[{"embeddable":true,"href":"http:\/\/www.altstadthort.altlandsberg.de\/index.php?rest_route=%2Fwp%2Fv2%2Fcomments&post=385"}],"version-history":[{"count":20,"href":"http:\/\/www.altstadthort.altlandsberg.de\/index.php?rest_route=\/wp\/v2\/pages\/385\/revisions"}],"predecessor-version":[{"id":855,"href":"http:\/\/www.altstadthort.altlandsberg.de\/index.php?rest_route=\/wp\/v2\/pages\/385\/revisions\/855"}],"wp:attachment":[{"href":"http:\/\/www.altstadthort.altlandsberg.de\/index.php?rest_route=%2Fwp%2Fv2%2Fmedia&parent=385"}],"curies":[{"name":"wp","href":"https:\/\/api.w.org\/{rel}","templated":true}]}}