{"id":67,"date":"2015-07-16T11:41:00","date_gmt":"2015-07-16T09:41:00","guid":{"rendered":"http:\/\/www.altstadthort.altlandsberg.de\/altstadthort\/?page_id=67"},"modified":"2022-10-07T15:17:47","modified_gmt":"2022-10-07T13:17:47","slug":"bilderchronik","status":"publish","type":"page","link":"http:\/\/www.altstadthort.altlandsberg.de\/?page_id=67","title":{"rendered":"Bilderchronik 2021"},"content":{"rendered":"<p>&nbsp;<\/p>\r\n\r\n<p class=\"has-text-align-left has-medium-font-size\"><span style=\"color: #ff0000;\"><strong><em><span class=\"has-inline-color has-vivid-cyan-blue-color\"><span style=\"color: #ff0000;\">Adventszeit im Altstadt &#8211; Hort<\/span>&nbsp;<\/span><\/em><\/strong><\/span><\/p>\r\n<p>In den letzten Wochen und Tagen wuselte und wichtelte es im ganzen Hort. \u00dcberall waren kleine flei\u00dfige H\u00e4ndchen, die Geschenke und Weihnachtsschmuck bastelten. So verk\u00fcrzten sich alle ein wenig die Zeit bis zum Heilig Abend und stimmten sich voller Vorfreude auf die Weihnachtszeit ein. Eines Morgens stand pl\u00f6tzlich eine Weihnachtsfigur in der Hort-Mensa. Ein Kind fragte, ob man bei ihr den Wunschzettel abgeben k\u00f6nnte. Wir haben uns umgehend mit der Postzentrale am Nordpol in Verbindung gesetzt und einen Briefkasten ausschlie\u00dflich f\u00fcr die W\u00fcnsche unserer Hortkinder erhalten. <a href=\"http:\/\/www.altstadthort.altlandsberg.de\/wp-content\/uploads\/2021\/12\/Weihnachtspost1.jpg\"><img loading=\"lazy\" decoding=\"async\" class=\"aligncenter wp-image-894 size-medium\" src=\"http:\/\/www.altstadthort.altlandsberg.de\/wp-content\/uploads\/2021\/12\/Weihnachtspost1-225x300.jpg\" alt=\"\" width=\"225\" height=\"300\" srcset=\"http:\/\/www.altstadthort.altlandsberg.de\/wp-content\/uploads\/2021\/12\/Weihnachtspost1-225x300.jpg 225w, http:\/\/www.altstadthort.altlandsberg.de\/wp-content\/uploads\/2021\/12\/Weihnachtspost1-768x1024.jpg 768w, http:\/\/www.altstadthort.altlandsberg.de\/wp-content\/uploads\/2021\/12\/Weihnachtspost1-1152x1536.jpg 1152w, http:\/\/www.altstadthort.altlandsberg.de\/wp-content\/uploads\/2021\/12\/Weihnachtspost1.jpg 1512w\" sizes=\"auto, (max-width: 225px) 100vw, 225px\" \/><\/a><\/p>\r\n\r\n\r\n\r\n<p>Die nette Mitarbeiterin der Postzentrale vom Nordpol bat uns, den vollen Briefkasten dann m\u00f6glichst weit oben aus einem Fenster zu h\u00e4ngen, so dass der Weihnachtsmann gut mit seinem Schlitten halten kann, um die Post mit in seine Elfenwerkstatt zu nehmen. Denn wie jeder wei\u00df, ist die Zeit des Weihnachtsmannes in der Adventszeit stark ausgebucht.&nbsp;<\/p>\r\n<div class=\"wp-block-columns\">\r\n<div class=\"wp-block-column is-vertically-aligned-center\"><img loading=\"lazy\" decoding=\"async\" class=\"aligncenter wp-image-895 size-medium\" src=\"http:\/\/www.altstadthort.altlandsberg.de\/wp-content\/uploads\/2021\/12\/Weihnachtspost2-225x300.jpg\" alt=\"\" width=\"225\" height=\"300\" srcset=\"http:\/\/www.altstadthort.altlandsberg.de\/wp-content\/uploads\/2021\/12\/Weihnachtspost2-225x300.jpg 225w, http:\/\/www.altstadthort.altlandsberg.de\/wp-content\/uploads\/2021\/12\/Weihnachtspost2-768x1024.jpg 768w, http:\/\/www.altstadthort.altlandsberg.de\/wp-content\/uploads\/2021\/12\/Weihnachtspost2-1152x1536.jpg 1152w, http:\/\/www.altstadthort.altlandsberg.de\/wp-content\/uploads\/2021\/12\/Weihnachtspost2.jpg 1200w\" sizes=\"auto, (max-width: 225px) 100vw, 225px\" \/><\/div>\r\n<\/div>\r\n<p>War das eine Aufregung am n\u00e4chsten Morgen: es hatte nicht nur ordentlich geschneit, nein, auch der Briefkasten war leer. Kein einziger Wunschzettel war mehr drin. Nun hofften wir auf Antwort. So dass der Weihnachtsmann, der es ja zur Zeit st\u00e4ndig eilig hat, nicht bei jedem Kind zu Hause vorbei muss, lie\u00dfen wir den Briefkasten drau\u00dfen h\u00e4ngen und warteten darauf, dass die Antworten kamen. Und wirklich &#8211; er hatte jeden einzelnen Brief gelesen und jedem Kind geantwortet, auch denen, die verga\u00dfen ihren Namen auf den Wunschzettel zu schreiben.&nbsp; <a href=\"http:\/\/www.altstadthort.altlandsberg.de\/wp-content\/uploads\/2021\/12\/Weihnachtspost3.jpg\"><img loading=\"lazy\" decoding=\"async\" class=\"aligncenter wp-image-896 size-medium\" src=\"http:\/\/www.altstadthort.altlandsberg.de\/wp-content\/uploads\/2021\/12\/Weihnachtspost3-236x300.jpg\" alt=\"\" width=\"236\" height=\"300\" srcset=\"http:\/\/www.altstadthort.altlandsberg.de\/wp-content\/uploads\/2021\/12\/Weihnachtspost3-236x300.jpg 236w, http:\/\/www.altstadthort.altlandsberg.de\/wp-content\/uploads\/2021\/12\/Weihnachtspost3-806x1024.jpg 806w, http:\/\/www.altstadthort.altlandsberg.de\/wp-content\/uploads\/2021\/12\/Weihnachtspost3-768x976.jpg 768w, http:\/\/www.altstadthort.altlandsberg.de\/wp-content\/uploads\/2021\/12\/Weihnachtspost3-1209x1536.jpg 1209w, http:\/\/www.altstadthort.altlandsberg.de\/wp-content\/uploads\/2021\/12\/Weihnachtspost3.jpg 1279w\" sizes=\"auto, (max-width: 236px) 100vw, 236px\" \/><\/a> Nun hei\u00dft es Daumen dr\u00fccken, dass all die vielen W\u00fcnsche in Erf\u00fcllung gehen &#8211; ganz besonders diese nach Gesundheit, Gl\u00fcck, Zufriedenheit und endlich wieder offener Hortarbeit. &nbsp; &nbsp;<\/p>\r\n\r\n<p>&nbsp;<\/p>\r\n<p class=\"has-text-color\" style=\"color: #0055a3; text-align: left;\"><span style=\"color: #0000ff;\"><strong>Der Teddymacher war wieder bei uns und es sind viele kleine Kuschelfreunde entstanden:<\/strong><\/span><\/p>\r\n<p><a href=\"http:\/\/www.altstadthort.altlandsberg.de\/wp-content\/uploads\/2021\/08\/Teddymacher2020.jpg\"><img loading=\"lazy\" decoding=\"async\" class=\"size-medium wp-image-858 aligncenter\" src=\"http:\/\/www.altstadthort.altlandsberg.de\/wp-content\/uploads\/2021\/08\/Teddymacher2020-300x300.jpg\" alt=\"\" width=\"300\" height=\"300\" srcset=\"http:\/\/www.altstadthort.altlandsberg.de\/wp-content\/uploads\/2021\/08\/Teddymacher2020-300x300.jpg 300w, http:\/\/www.altstadthort.altlandsberg.de\/wp-content\/uploads\/2021\/08\/Teddymacher2020-1024x1024.jpg 1024w, http:\/\/www.altstadthort.altlandsberg.de\/wp-content\/uploads\/2021\/08\/Teddymacher2020-150x150.jpg 150w, http:\/\/www.altstadthort.altlandsberg.de\/wp-content\/uploads\/2021\/08\/Teddymacher2020-768x768.jpg 768w, http:\/\/www.altstadthort.altlandsberg.de\/wp-content\/uploads\/2021\/08\/Teddymacher2020-1536x1536.jpg 1536w, http:\/\/www.altstadthort.altlandsberg.de\/wp-content\/uploads\/2021\/08\/Teddymacher2020.jpg 2048w, http:\/\/www.altstadthort.altlandsberg.de\/wp-content\/uploads\/2021\/08\/Teddymacher2020-50x50.jpg 50w\" sizes=\"auto, (max-width: 300px) 100vw, 300px\" \/><\/a> &nbsp;<\/p>\r\n<p class=\"has-text-color\" style=\"color: #0055a3; text-align: left;\"><strong>Mit der B\u00e4ckerei Tannfeld haben die Kinder in der Weihnachtsprojektwoche tolle Lebkuchenh\u00e4user ge<\/strong><strong>baut:<\/strong><\/p>\r\n<p><a href=\"http:\/\/www.altstadthort.altlandsberg.de\/wp-content\/uploads\/2021\/08\/Weihnachten2020_Lebkuchenhaus.jpg\"><img loading=\"lazy\" decoding=\"async\" class=\"size-medium wp-image-859 aligncenter\" src=\"http:\/\/www.altstadthort.altlandsberg.de\/wp-content\/uploads\/2021\/08\/Weihnachten2020_Lebkuchenhaus-253x300.jpg\" alt=\"\" width=\"253\" height=\"300\" srcset=\"http:\/\/www.altstadthort.altlandsberg.de\/wp-content\/uploads\/2021\/08\/Weihnachten2020_Lebkuchenhaus-253x300.jpg 253w, http:\/\/www.altstadthort.altlandsberg.de\/wp-content\/uploads\/2021\/08\/Weihnachten2020_Lebkuchenhaus.jpg 585w\" sizes=\"auto, (max-width: 253px) 100vw, 253px\" \/><\/a><a href=\"http:\/\/www.altstadthort.altlandsberg.de\/wp-content\/uploads\/2020\/12\/Weihnachten2020_vieleLebkuchenhaeuser-scaled.jpg\"><img loading=\"lazy\" decoding=\"async\" class=\"size-medium wp-image-755 aligncenter\" src=\"http:\/\/www.altstadthort.altlandsberg.de\/wp-content\/uploads\/2020\/12\/Weihnachten2020_vieleLebkuchenhaeuser-300x225.jpg\" alt=\"Lebkuchen2\" width=\"300\" height=\"225\" srcset=\"http:\/\/www.altstadthort.altlandsberg.de\/wp-content\/uploads\/2020\/12\/Weihnachten2020_vieleLebkuchenhaeuser-300x225.jpg 300w, http:\/\/www.altstadthort.altlandsberg.de\/wp-content\/uploads\/2020\/12\/Weihnachten2020_vieleLebkuchenhaeuser-1024x768.jpg 1024w, http:\/\/www.altstadthort.altlandsberg.de\/wp-content\/uploads\/2020\/12\/Weihnachten2020_vieleLebkuchenhaeuser-768x576.jpg 768w, http:\/\/www.altstadthort.altlandsberg.de\/wp-content\/uploads\/2020\/12\/Weihnachten2020_vieleLebkuchenhaeuser-1536x1152.jpg 1536w, http:\/\/www.altstadthort.altlandsberg.de\/wp-content\/uploads\/2020\/12\/Weihnachten2020_vieleLebkuchenhaeuser-2048x1536.jpg 2048w\" sizes=\"auto, (max-width: 300px) 100vw, 300px\" \/><\/a> &nbsp; <!-- \/wp:post-content --><\/p>\r\n<p>&nbsp;<\/p>\r\n<p><span style=\"color: #ff00ff;\"><strong><span style=\"color: #ff00ff;\">Mit gro\u00dfen Schritten in die Sommerferien:<\/span><\/strong><\/span> <a href=\"http:\/\/www.altstadthort.altlandsberg.de\/wp-content\/uploads\/2021\/08\/IMG_7935.jpg\"><img loading=\"lazy\" decoding=\"async\" class=\"wp-image-864 size-medium aligncenter\" src=\"http:\/\/www.altstadthort.altlandsberg.de\/wp-content\/uploads\/2021\/08\/IMG_7935-281x300.jpg\" alt=\"\" width=\"281\" height=\"300\" srcset=\"http:\/\/www.altstadthort.altlandsberg.de\/wp-content\/uploads\/2021\/08\/IMG_7935-281x300.jpg 281w, http:\/\/www.altstadthort.altlandsberg.de\/wp-content\/uploads\/2021\/08\/IMG_7935-960x1024.jpg 960w, http:\/\/www.altstadthort.altlandsberg.de\/wp-content\/uploads\/2021\/08\/IMG_7935-768x819.jpg 768w, http:\/\/www.altstadthort.altlandsberg.de\/wp-content\/uploads\/2021\/08\/IMG_7935-1440x1536.jpg 1440w, http:\/\/www.altstadthort.altlandsberg.de\/wp-content\/uploads\/2021\/08\/IMG_7935-1920x2048.jpg 1920w\" sizes=\"auto, (max-width: 281px) 100vw, 281px\" \/><\/a> &#8230;und mit den selbstgebastelten Booten geht es ab in einen Wildwasserurlaub: <a href=\"http:\/\/www.altstadthort.altlandsberg.de\/wp-content\/uploads\/2021\/08\/IMG_7945-scaled.jpg\"><img loading=\"lazy\" decoding=\"async\" class=\"size-medium wp-image-863 aligncenter\" src=\"http:\/\/www.altstadthort.altlandsberg.de\/wp-content\/uploads\/2021\/08\/IMG_7945-225x300.jpg\" alt=\"\" width=\"225\" height=\"300\" srcset=\"http:\/\/www.altstadthort.altlandsberg.de\/wp-content\/uploads\/2021\/08\/IMG_7945-225x300.jpg 225w, http:\/\/www.altstadthort.altlandsberg.de\/wp-content\/uploads\/2021\/08\/IMG_7945-768x1024.jpg 768w, http:\/\/www.altstadthort.altlandsberg.de\/wp-content\/uploads\/2021\/08\/IMG_7945-1152x1536.jpg 1152w, http:\/\/www.altstadthort.altlandsberg.de\/wp-content\/uploads\/2021\/08\/IMG_7945-1536x2048.jpg 1536w, http:\/\/www.altstadthort.altlandsberg.de\/wp-content\/uploads\/2021\/08\/IMG_7945-scaled.jpg 1920w\" sizes=\"auto, (max-width: 225px) 100vw, 225px\" \/><\/a> &nbsp;<\/p>","protected":false},"excerpt":{"rendered":"<p>&nbsp; Adventszeit im Altstadt &#8211; Hort&nbsp; In den letzten Wochen und Tagen wuselte und wichtelte es im ganzen Hort. \u00dcberall waren kleine flei\u00dfige H\u00e4ndchen, die Geschenke und Weihnachtsschmuck bastelten. So verk\u00fcrzten sich alle ein wenig die Zeit bis zum Heilig Abend und stimmten sich voller Vorfreude auf die Weihnachtszeit ein. Eines Morgens stand pl\u00f6tzlich eine [&hellip;]<\/p>\n","protected":false},"author":2,"featured_media":0,"parent":0,"menu_order":0,"comment_status":"closed","ping_status":"closed","template":"","meta":{"ngg_post_thumbnail":0,"footnotes":""},"class_list":["post-67","page","type-page","status-publish","hentry"],"yoast_head":"<!-- This site is optimized with the Yoast SEO plugin v27.6 - https:\/\/yoast.com\/product\/yoast-seo-wordpress\/ -->\n<title>Bilderchronik 2021 -<\/title>\n<meta name=\"robots\" content=\"noindex, nofollow\" \/>\n<meta property=\"og:locale\" content=\"de_DE\" \/>\n<meta property=\"og:type\" content=\"article\" \/>\n<meta property=\"og:title\" content=\"Bilderchronik 2021 -\" \/>\n<meta property=\"og:description\" content=\"&nbsp; Adventszeit im Altstadt &#8211; Hort&nbsp; In den letzten Wochen und Tagen wuselte und wichtelte es im ganzen Hort. \u00dcberall waren kleine flei\u00dfige H\u00e4ndchen, die Geschenke und Weihnachtsschmuck bastelten. So verk\u00fcrzten sich alle ein wenig die Zeit bis zum Heilig Abend und stimmten sich voller Vorfreude auf die Weihnachtszeit ein. Eines Morgens stand pl\u00f6tzlich eine [&hellip;]\" \/>\n<meta property=\"og:url\" content=\"http:\/\/www.altstadthort.altlandsberg.de\/?page_id=67\" \/>\n<meta property=\"article:modified_time\" content=\"2022-10-07T13:17:47+00:00\" \/>\n<meta property=\"og:image\" content=\"http:\/\/www.altstadthort.altlandsberg.de\/wp-content\/uploads\/2021\/12\/Weihnachtspost1-225x300.jpg\" \/>\n<meta name=\"twitter:card\" content=\"summary_large_image\" \/>\n<meta name=\"twitter:label1\" content=\"Gesch\u00e4tzte Lesezeit\" \/>\n\t<meta name=\"twitter:data1\" content=\"4\u00a0Minuten\" \/>\n<script type=\"application\/ld+json\" class=\"yoast-schema-graph\">{\"@context\":\"https:\\\/\\\/schema.org\",\"@graph\":[{\"@type\":\"WebPage\",\"@id\":\"http:\\\/\\\/www.altstadthort.altlandsberg.de\\\/?page_id=67\",\"url\":\"http:\\\/\\\/www.altstadthort.altlandsberg.de\\\/?page_id=67\",\"name\":\"Bilderchronik 2021 -\",\"isPartOf\":{\"@id\":\"http:\\\/\\\/www.altstadthort.altlandsberg.de\\\/#website\"},\"primaryImageOfPage\":{\"@id\":\"http:\\\/\\\/www.altstadthort.altlandsberg.de\\\/?page_id=67#primaryimage\"},\"image\":{\"@id\":\"http:\\\/\\\/www.altstadthort.altlandsberg.de\\\/?page_id=67#primaryimage\"},\"thumbnailUrl\":\"http:\\\/\\\/www.altstadthort.altlandsberg.de\\\/wp-content\\\/uploads\\\/2021\\\/12\\\/Weihnachtspost1-225x300.jpg\",\"datePublished\":\"2015-07-16T09:41:00+00:00\",\"dateModified\":\"2022-10-07T13:17:47+00:00\",\"breadcrumb\":{\"@id\":\"http:\\\/\\\/www.altstadthort.altlandsberg.de\\\/?page_id=67#breadcrumb\"},\"inLanguage\":\"de\",\"potentialAction\":[{\"@type\":\"ReadAction\",\"target\":[\"http:\\\/\\\/www.altstadthort.altlandsberg.de\\\/?page_id=67\"]}]},{\"@type\":\"ImageObject\",\"inLanguage\":\"de\",\"@id\":\"http:\\\/\\\/www.altstadthort.altlandsberg.de\\\/?page_id=67#primaryimage\",\"url\":\"http:\\\/\\\/www.altstadthort.altlandsberg.de\\\/wp-content\\\/uploads\\\/2021\\\/12\\\/Weihnachtspost1.jpg\",\"contentUrl\":\"http:\\\/\\\/www.altstadthort.altlandsberg.de\\\/wp-content\\\/uploads\\\/2021\\\/12\\\/Weihnachtspost1.jpg\",\"width\":1512,\"height\":2016},{\"@type\":\"BreadcrumbList\",\"@id\":\"http:\\\/\\\/www.altstadthort.altlandsberg.de\\\/?page_id=67#breadcrumb\",\"itemListElement\":[{\"@type\":\"ListItem\",\"position\":1,\"name\":\"Startseite\",\"item\":\"http:\\\/\\\/www.altstadthort.altlandsberg.de\\\/\"},{\"@type\":\"ListItem\",\"position\":2,\"name\":\"Bilderchronik 2021\"}]},{\"@type\":\"WebSite\",\"@id\":\"http:\\\/\\\/www.altstadthort.altlandsberg.de\\\/#website\",\"url\":\"http:\\\/\\\/www.altstadthort.altlandsberg.de\\\/\",\"name\":\"\",\"description\":\"\",\"potentialAction\":[{\"@type\":\"SearchAction\",\"target\":{\"@type\":\"EntryPoint\",\"urlTemplate\":\"http:\\\/\\\/www.altstadthort.altlandsberg.de\\\/?s={search_term_string}\"},\"query-input\":{\"@type\":\"PropertyValueSpecification\",\"valueRequired\":true,\"valueName\":\"search_term_string\"}}],\"inLanguage\":\"de\"}]}<\/script>\n<!-- \/ Yoast SEO plugin. -->","yoast_head_json":{"title":"Bilderchronik 2021 -","robots":{"index":"noindex","follow":"nofollow"},"og_locale":"de_DE","og_type":"article","og_title":"Bilderchronik 2021 -","og_description":"&nbsp; Adventszeit im Altstadt &#8211; Hort&nbsp; In den letzten Wochen und Tagen wuselte und wichtelte es im ganzen Hort. \u00dcberall waren kleine flei\u00dfige H\u00e4ndchen, die Geschenke und Weihnachtsschmuck bastelten. So verk\u00fcrzten sich alle ein wenig die Zeit bis zum Heilig Abend und stimmten sich voller Vorfreude auf die Weihnachtszeit ein. Eines Morgens stand pl\u00f6tzlich eine [&hellip;]","og_url":"http:\/\/www.altstadthort.altlandsberg.de\/?page_id=67","article_modified_time":"2022-10-07T13:17:47+00:00","og_image":[{"url":"http:\/\/www.altstadthort.altlandsberg.de\/wp-content\/uploads\/2021\/12\/Weihnachtspost1-225x300.jpg","type":"","width":"","height":""}],"twitter_card":"summary_large_image","twitter_misc":{"Gesch\u00e4tzte Lesezeit":"4\u00a0Minuten"},"schema":{"@context":"https:\/\/schema.org","@graph":[{"@type":"WebPage","@id":"http:\/\/www.altstadthort.altlandsberg.de\/?page_id=67","url":"http:\/\/www.altstadthort.altlandsberg.de\/?page_id=67","name":"Bilderchronik 2021 -","isPartOf":{"@id":"http:\/\/www.altstadthort.altlandsberg.de\/#website"},"primaryImageOfPage":{"@id":"http:\/\/www.altstadthort.altlandsberg.de\/?page_id=67#primaryimage"},"image":{"@id":"http:\/\/www.altstadthort.altlandsberg.de\/?page_id=67#primaryimage"},"thumbnailUrl":"http:\/\/www.altstadthort.altlandsberg.de\/wp-content\/uploads\/2021\/12\/Weihnachtspost1-225x300.jpg","datePublished":"2015-07-16T09:41:00+00:00","dateModified":"2022-10-07T13:17:47+00:00","breadcrumb":{"@id":"http:\/\/www.altstadthort.altlandsberg.de\/?page_id=67#breadcrumb"},"inLanguage":"de","potentialAction":[{"@type":"ReadAction","target":["http:\/\/www.altstadthort.altlandsberg.de\/?page_id=67"]}]},{"@type":"ImageObject","inLanguage":"de","@id":"http:\/\/www.altstadthort.altlandsberg.de\/?page_id=67#primaryimage","url":"http:\/\/www.altstadthort.altlandsberg.de\/wp-content\/uploads\/2021\/12\/Weihnachtspost1.jpg","contentUrl":"http:\/\/www.altstadthort.altlandsberg.de\/wp-content\/uploads\/2021\/12\/Weihnachtspost1.jpg","width":1512,"height":2016},{"@type":"BreadcrumbList","@id":"http:\/\/www.altstadthort.altlandsberg.de\/?page_id=67#breadcrumb","itemListElement":[{"@type":"ListItem","position":1,"name":"Startseite","item":"http:\/\/www.altstadthort.altlandsberg.de\/"},{"@type":"ListItem","position":2,"name":"Bilderchronik 2021"}]},{"@type":"WebSite","@id":"http:\/\/www.altstadthort.altlandsberg.de\/#website","url":"http:\/\/www.altstadthort.altlandsberg.de\/","name":"","description":"","potentialAction":[{"@type":"SearchAction","target":{"@type":"EntryPoint","urlTemplate":"http:\/\/www.altstadthort.altlandsberg.de\/?s={search_term_string}"},"query-input":{"@type":"PropertyValueSpecification","valueRequired":true,"valueName":"search_term_string"}}],"inLanguage":"de"}]}},"_links":{"self":[{"href":"http:\/\/www.altstadthort.altlandsberg.de\/index.php?rest_route=\/wp\/v2\/pages\/67","targetHints":{"allow":["GET"]}}],"collection":[{"href":"http:\/\/www.altstadthort.altlandsberg.de\/index.php?rest_route=\/wp\/v2\/pages"}],"about":[{"href":"http:\/\/www.altstadthort.altlandsberg.de\/index.php?rest_route=\/wp\/v2\/types\/page"}],"author":[{"embeddable":true,"href":"http:\/\/www.altstadthort.altlandsberg.de\/index.php?rest_route=\/wp\/v2\/users\/2"}],"replies":[{"embeddable":true,"href":"http:\/\/www.altstadthort.altlandsberg.de\/index.php?rest_route=%2Fwp%2Fv2%2Fcomments&post=67"}],"version-history":[{"count":8,"href":"http:\/\/www.altstadthort.altlandsberg.de\/index.php?rest_route=\/wp\/v2\/pages\/67\/revisions"}],"predecessor-version":[{"id":988,"href":"http:\/\/www.altstadthort.altlandsberg.de\/index.php?rest_route=\/wp\/v2\/pages\/67\/revisions\/988"}],"wp:attachment":[{"href":"http:\/\/www.altstadthort.altlandsberg.de\/index.php?rest_route=%2Fwp%2Fv2%2Fmedia&parent=67"}],"curies":[{"name":"wp","href":"https:\/\/api.w.org\/{rel}","templated":true}]}}