{"id":8,"date":"2015-07-16T08:36:32","date_gmt":"2015-07-16T06:36:32","guid":{"rendered":"http:\/\/www.altstadthort.altlandsberg.de\/altstadthort\/?page_id=8"},"modified":"2026-03-17T12:10:46","modified_gmt":"2026-03-17T11:10:46","slug":"elternbrief","status":"publish","type":"page","link":"http:\/\/www.altstadthort.altlandsberg.de\/?page_id=8","title":{"rendered":"Elternbrief"},"content":{"rendered":"\r\n<p><strong>Elternbrief M\u00e4rz 2026<\/strong><\/p>\r\n\r\n\r\n\r\n<p>Liebe Eltern,<\/p>\r\n<p>Wir bitten Sie, die anstehenden Termine in Ihre Familienplanung mit einzubeziehen, um Ihren Kindern vielf\u00e4ltige Bet\u00e4tigungsangebote zu erm\u00f6glichen.<\/p>\r\n<p><strong>Projektwoche Ostern <\/strong><\/p>\r\n<p>In der Woche vom 23.03. bis 27.03. m\u00f6chten wir mit den Kindern eine Osterprojektwoche gestalten. Dass die Kinder die entsprechenden Angebote ohne Zeitdruck wahr nehmen k\u00f6nnen, w\u00e4re es sch\u00f6n, wenn die Kinder in dieser Woche nicht vor 15:00 Uhr abgeholt bzw. nicht alleine nach Hause gehen m\u00fcssen. Sollten Sie dadurch \u00fcber die vereinbarten Stundenvertr\u00e4ge kommen, werden diese Ihnen nicht angerechnet.<\/p>\r\n<p>Die Kinder aller Klassen k\u00f6nnen sich von Montag bis Donnerstag oder auch nur an einzelnen Tagen unseren 5 Projekten zuordnen:<\/p>\r\n<ol>\r\n<li>Naturralley mit Kompass &#8211; Uwe und Daniel<\/li>\r\n<li>traditionelle Oster-Spiele-R\u00e4tsel &#8211; Mirella und Zaneta<\/li>\r\n<li>Oster-Liederwerkstatt &#8211; Volker<\/li>\r\n<li>Osterk\u00fcche &#8211; Pia und Clarissa<\/li>\r\n<li>Osterbasteleien &#8211; Carolin und Nadine<\/li>\r\n<\/ol>\r\n<p>Am Freitag wird es wieder eine Vorstellungsrunde aller Projekte <u>von den Kindern f\u00fcr Kinder<\/u> in der Turnhalle geben.<\/p>\r\n<p><strong>Vorschau<\/strong><\/p>\r\n<ul>\r\n<li>n\u00e4chster Kinderrat: 13.04.2026<\/li>\r\n<li>Subbotnik: 12.05.2026<\/li>\r\n<li>Hortcaf\u00e9: 28.05.2026<\/li>\r\n<\/ul>\r\n<p style=\"text-align: center;\">&nbsp;<\/p>\r\n<p style=\"text-align: center;\"><strong>Es gr\u00fc\u00dft das Team vom Altstadt &#8211; Hort<\/strong><\/p>\r\n","protected":false},"excerpt":{"rendered":"<p>Elternbrief M\u00e4rz 2026 Liebe Eltern, Wir bitten Sie, die anstehenden Termine in Ihre Familienplanung mit einzubeziehen, um Ihren Kindern vielf\u00e4ltige Bet\u00e4tigungsangebote zu erm\u00f6glichen. Projektwoche Ostern In der Woche vom 23.03. bis 27.03. m\u00f6chten wir mit den Kindern eine Osterprojektwoche gestalten. Dass die Kinder die entsprechenden Angebote ohne Zeitdruck wahr nehmen k\u00f6nnen, w\u00e4re es sch\u00f6n, wenn [&hellip;]<\/p>\n","protected":false},"author":2,"featured_media":0,"parent":0,"menu_order":0,"comment_status":"closed","ping_status":"closed","template":"","meta":{"ngg_post_thumbnail":0,"footnotes":""},"class_list":["post-8","page","type-page","status-publish","hentry"],"yoast_head":"<!-- This site is optimized with the Yoast SEO plugin v27.3 - https:\/\/yoast.com\/product\/yoast-seo-wordpress\/ -->\n<title>Elternbrief -<\/title>\n<meta name=\"robots\" content=\"noindex, nofollow\" \/>\n<meta property=\"og:locale\" content=\"de_DE\" \/>\n<meta property=\"og:type\" content=\"article\" \/>\n<meta property=\"og:title\" content=\"Elternbrief -\" \/>\n<meta property=\"og:description\" content=\"Elternbrief M\u00e4rz 2026 Liebe Eltern, Wir bitten Sie, die anstehenden Termine in Ihre Familienplanung mit einzubeziehen, um Ihren Kindern vielf\u00e4ltige Bet\u00e4tigungsangebote zu erm\u00f6glichen. Projektwoche Ostern In der Woche vom 23.03. bis 27.03. m\u00f6chten wir mit den Kindern eine Osterprojektwoche gestalten. Dass die Kinder die entsprechenden Angebote ohne Zeitdruck wahr nehmen k\u00f6nnen, w\u00e4re es sch\u00f6n, wenn [&hellip;]\" \/>\n<meta property=\"og:url\" content=\"http:\/\/www.altstadthort.altlandsberg.de\/?page_id=8\" \/>\n<meta property=\"article:modified_time\" content=\"2026-03-17T11:10:46+00:00\" \/>\n<meta name=\"twitter:card\" content=\"summary_large_image\" \/>\n<meta name=\"twitter:label1\" content=\"Gesch\u00e4tzte Lesezeit\" \/>\n\t<meta name=\"twitter:data1\" content=\"1\u00a0Minute\" \/>\n<script type=\"application\/ld+json\" class=\"yoast-schema-graph\">{\"@context\":\"https:\\\/\\\/schema.org\",\"@graph\":[{\"@type\":\"WebPage\",\"@id\":\"http:\\\/\\\/www.altstadthort.altlandsberg.de\\\/?page_id=8\",\"url\":\"http:\\\/\\\/www.altstadthort.altlandsberg.de\\\/?page_id=8\",\"name\":\"Elternbrief -\",\"isPartOf\":{\"@id\":\"http:\\\/\\\/www.altstadthort.altlandsberg.de\\\/#website\"},\"datePublished\":\"2015-07-16T06:36:32+00:00\",\"dateModified\":\"2026-03-17T11:10:46+00:00\",\"breadcrumb\":{\"@id\":\"http:\\\/\\\/www.altstadthort.altlandsberg.de\\\/?page_id=8#breadcrumb\"},\"inLanguage\":\"de\",\"potentialAction\":[{\"@type\":\"ReadAction\",\"target\":[\"http:\\\/\\\/www.altstadthort.altlandsberg.de\\\/?page_id=8\"]}]},{\"@type\":\"BreadcrumbList\",\"@id\":\"http:\\\/\\\/www.altstadthort.altlandsberg.de\\\/?page_id=8#breadcrumb\",\"itemListElement\":[{\"@type\":\"ListItem\",\"position\":1,\"name\":\"Startseite\",\"item\":\"http:\\\/\\\/www.altstadthort.altlandsberg.de\\\/\"},{\"@type\":\"ListItem\",\"position\":2,\"name\":\"Elternbrief\"}]},{\"@type\":\"WebSite\",\"@id\":\"http:\\\/\\\/www.altstadthort.altlandsberg.de\\\/#website\",\"url\":\"http:\\\/\\\/www.altstadthort.altlandsberg.de\\\/\",\"name\":\"\",\"description\":\"\",\"potentialAction\":[{\"@type\":\"SearchAction\",\"target\":{\"@type\":\"EntryPoint\",\"urlTemplate\":\"http:\\\/\\\/www.altstadthort.altlandsberg.de\\\/?s={search_term_string}\"},\"query-input\":{\"@type\":\"PropertyValueSpecification\",\"valueRequired\":true,\"valueName\":\"search_term_string\"}}],\"inLanguage\":\"de\"}]}<\/script>\n<!-- \/ Yoast SEO plugin. -->","yoast_head_json":{"title":"Elternbrief -","robots":{"index":"noindex","follow":"nofollow"},"og_locale":"de_DE","og_type":"article","og_title":"Elternbrief -","og_description":"Elternbrief M\u00e4rz 2026 Liebe Eltern, Wir bitten Sie, die anstehenden Termine in Ihre Familienplanung mit einzubeziehen, um Ihren Kindern vielf\u00e4ltige Bet\u00e4tigungsangebote zu erm\u00f6glichen. Projektwoche Ostern In der Woche vom 23.03. bis 27.03. m\u00f6chten wir mit den Kindern eine Osterprojektwoche gestalten. Dass die Kinder die entsprechenden Angebote ohne Zeitdruck wahr nehmen k\u00f6nnen, w\u00e4re es sch\u00f6n, wenn [&hellip;]","og_url":"http:\/\/www.altstadthort.altlandsberg.de\/?page_id=8","article_modified_time":"2026-03-17T11:10:46+00:00","twitter_card":"summary_large_image","twitter_misc":{"Gesch\u00e4tzte Lesezeit":"1\u00a0Minute"},"schema":{"@context":"https:\/\/schema.org","@graph":[{"@type":"WebPage","@id":"http:\/\/www.altstadthort.altlandsberg.de\/?page_id=8","url":"http:\/\/www.altstadthort.altlandsberg.de\/?page_id=8","name":"Elternbrief -","isPartOf":{"@id":"http:\/\/www.altstadthort.altlandsberg.de\/#website"},"datePublished":"2015-07-16T06:36:32+00:00","dateModified":"2026-03-17T11:10:46+00:00","breadcrumb":{"@id":"http:\/\/www.altstadthort.altlandsberg.de\/?page_id=8#breadcrumb"},"inLanguage":"de","potentialAction":[{"@type":"ReadAction","target":["http:\/\/www.altstadthort.altlandsberg.de\/?page_id=8"]}]},{"@type":"BreadcrumbList","@id":"http:\/\/www.altstadthort.altlandsberg.de\/?page_id=8#breadcrumb","itemListElement":[{"@type":"ListItem","position":1,"name":"Startseite","item":"http:\/\/www.altstadthort.altlandsberg.de\/"},{"@type":"ListItem","position":2,"name":"Elternbrief"}]},{"@type":"WebSite","@id":"http:\/\/www.altstadthort.altlandsberg.de\/#website","url":"http:\/\/www.altstadthort.altlandsberg.de\/","name":"","description":"","potentialAction":[{"@type":"SearchAction","target":{"@type":"EntryPoint","urlTemplate":"http:\/\/www.altstadthort.altlandsberg.de\/?s={search_term_string}"},"query-input":{"@type":"PropertyValueSpecification","valueRequired":true,"valueName":"search_term_string"}}],"inLanguage":"de"}]}},"_links":{"self":[{"href":"http:\/\/www.altstadthort.altlandsberg.de\/index.php?rest_route=\/wp\/v2\/pages\/8","targetHints":{"allow":["GET"]}}],"collection":[{"href":"http:\/\/www.altstadthort.altlandsberg.de\/index.php?rest_route=\/wp\/v2\/pages"}],"about":[{"href":"http:\/\/www.altstadthort.altlandsberg.de\/index.php?rest_route=\/wp\/v2\/types\/page"}],"author":[{"embeddable":true,"href":"http:\/\/www.altstadthort.altlandsberg.de\/index.php?rest_route=\/wp\/v2\/users\/2"}],"replies":[{"embeddable":true,"href":"http:\/\/www.altstadthort.altlandsberg.de\/index.php?rest_route=%2Fwp%2Fv2%2Fcomments&post=8"}],"version-history":[{"count":132,"href":"http:\/\/www.altstadthort.altlandsberg.de\/index.php?rest_route=\/wp\/v2\/pages\/8\/revisions"}],"predecessor-version":[{"id":1246,"href":"http:\/\/www.altstadthort.altlandsberg.de\/index.php?rest_route=\/wp\/v2\/pages\/8\/revisions\/1246"}],"wp:attachment":[{"href":"http:\/\/www.altstadthort.altlandsberg.de\/index.php?rest_route=%2Fwp%2Fv2%2Fmedia&parent=8"}],"curies":[{"name":"wp","href":"https:\/\/api.w.org\/{rel}","templated":true}]}}