{"id":94,"date":"2015-07-17T13:10:18","date_gmt":"2015-07-17T11:10:18","guid":{"rendered":"http:\/\/www.altstadthort.altlandsberg.de\/altstadthort\/?page_id=94"},"modified":"2022-06-21T08:22:11","modified_gmt":"2022-06-21T06:22:11","slug":"impressum","status":"publish","type":"page","link":"http:\/\/www.altstadthort.altlandsberg.de\/?page_id=94","title":{"rendered":"Impressum"},"content":{"rendered":"<p><strong>1. Impressum<\/strong><\/p>\n<p><strong>Altstadthort Altlandsberg<\/strong><\/p>\n<p>Klosterstra\u00dfe 8\/9<br \/>\n15345 Altlandsberg<\/p>\n<p><strong>Telefon:<\/strong> 033438 &#8211; 1690 -78\/ -83<\/p>\n<p><strong>Email:<\/strong> hort@stadt-altlandsberg.de<\/p>\n<p><strong>Leiterin:<\/strong> Jessica Baerwolf<\/p>\n<p><strong>Verantwortlich f\u00fcr den Inhalt (V.i.S.d.P., \u00a7 6 TDG, EGG, \u00a7 6 MDStV):<\/strong><br \/>\nJessica Baerwolf, Altstadt-Hort Altlandsberg<\/p>\n<p><strong>Bildungstr\u00e4ger (Diensteanbieter im Sinne des RStV\/TMG):<\/strong><br \/>\nStadt Altlandsberg, vertreten durch B\u00fcrgermeister Arno Jaeschke<br \/>\nBerliner Allee 6<br \/>\n15345 Altlandsberg<br \/>\nTel: 033438 \/ 156-0<br \/>\nEmail: a.jaeschke@stadt-altlandsberg.de<\/p>\n<p><strong>Der beh\u00f6rdliche Datenschutzbeauftragte:<\/strong><br \/>\nCarl Gr\u00fcnheid<br \/>\nStadt Altlandsberg<br \/>\nBerliner Allee 6<br \/>\n15345 Altlandsberg<br \/>\nTel: 033438 \/ 156-0<br \/>\nEmail: c. gruenheid@stadt-altlandsberg.de<\/p>\n<p><strong>2. Haftungsausschluss bei Aktualit\u00e4tsproblemen oder inhaltlichen Fehlern<\/strong><\/p>\n<p>Wir haben stets die Richtigkeit, Vollst\u00e4ndigkeit und Aktualit\u00e4t der in dieser Internetpr\u00e4senz bereitgestellten Informationen zum Ziel. Dennoch k\u00f6nnen Fehler und Unklarheiten nicht ausgeschlossen werden.<\/p>\n<p>Sollten Sie der Ansicht sein, dass inhaltliche Fehler oder nicht aktuelle Informationen bereitgestellt werden, so weisen Sie uns bitte per E-Mail an<\/p>\n<p>c. gruenheid@stadt-altlandsberg.de<\/p>\n<p>&nbsp;darauf hin.&nbsp;<\/p>\n<p>Wir \u00fcbernehmen keinerlei Gew\u00e4hr f\u00fcr die Aktualit\u00e4t, Korrektheit, Vollst\u00e4ndigkeit oder Qualit\u00e4t der bereitgestellten Informationen. Haftungsanspr\u00fcche gegen uns, welche sich auf Sch\u00e4den materieller oder ideeller Art beziehen, die durch die Nutzung oder Nichtnutzung der dargebotenen Informationen bzw. durch die Nutzung fehlerhafter und unvollst\u00e4ndiger Informationen verursacht wurden, sind grunds\u00e4tzlich ausgeschlossen, sofern unsererseits kein nachweislich vors\u00e4tzliches oder grob fahrl\u00e4ssiges Verschulden vorliegt.<\/p>\n<p>Alle Angebote sind freibleibend und unverbindlich. Wir behalten uns ausdr\u00fccklich vor, Teile der Seiten oder das gesamte Angebot ohne gesonderte Ank\u00fcndigung zu ver\u00e4ndern, zu erg\u00e4nzen, zu l\u00f6schen oder die Ver\u00f6ffentlichung zeitweise oder endg\u00fcltig einzustellen.<\/p>\n<p><strong>&nbsp;3. Haftungsausschluss f\u00fcr externe Links<\/strong><\/p>\n<p><strong>&nbsp;<\/strong>Wir sind als Inhaltsanbieter f\u00fcr die \u201eeigenen Inhalte\u201c, die wir als Stadt Altlandsberg (Gebietsk\u00f6rperschaft des \u00f6ffentlichen Rechts)&nbsp;zur Nutzung bereitstellen, nach den allgemeinen Gesetzen verantwortlich.&nbsp;<\/p>\n<p>In dieser Internetpr\u00e4senz existieren Querverweise (\u201eLinks\u201c) auf von anderen Anbietern bereitgehaltene Inhalte. F\u00fcr diese fremden Inhalte sind wir nur dann verantwortlich, wenn wir von ihnen (d. h. auch von einem rechtswidrigen bzw. strafbaren Inhalt) positive Kenntnis haben, wir auf diese Inhalte ausdr\u00fccklich Bezug nehmen und es f\u00fcr uns technisch m\u00f6glich und zumutbar ist, deren Nutzung zu verhindern.<\/p>\n<p>Bei \u201eLinks\u201c handelt es sich allerdings stets um \u201elebende\u201c (dynamische) Verweisungen. Wir haben bei der erstmaligen Verkn\u00fcpfung zwar den fremden Inhalt daraufhin \u00fcberpr\u00fcft, ob durch ihn eine m\u00f6gliche zivilrechtliche oder strafrechtliche Verantwortlichkeit ausgel\u00f6st wird, sind aber nicht dazu verpflichtet, die Inhalte, auf die wir innerhalb dieser Seiten verweisen, st\u00e4ndig auf Ver\u00e4nderungen zu \u00fcberpr\u00fcfen, die eine Verantwortlichkeit neu begr\u00fcnden k\u00f6nnten. Soweit somit nicht ausdr\u00fccklich auf Inhalte Bezug genommen wird, kann eine Kenntnis insbesondere aktueller Inhalte nicht vorausgesetzt werden.&nbsp;<\/p>\n<p>Erst wenn wir feststellen oder von anderen darauf hingewiesen werden, dass ein konkretes Angebot, zu dem wir einen Link bereitgestellt haben, eine zivil- oder strafrechtliche Verantwortlichkeit ausl\u00f6st, werden wir den Verweis auf dieses Angebot aufheben, soweit uns dies technisch m\u00f6glich und zumutbar ist. Die technische M\u00f6glichkeit und Zumutbarkeit wird nicht dadurch beeinflusst, dass auch nach Unterbindung des Zugriffs von unserer Homepage von anderen Servern aus auf das rechtswidrige oder strafbare Angebot zugegriffen werden kann.<\/p>\n<p><strong>4. Urheber- und Kennzeichenrecht<\/strong><\/p>\n<p>Alle Seiten unseres Internetauftrittes unterliegen dem Urheberrecht (Copyright). Dies gilt insbesondere f\u00fcr alle auf den Webseiten ver\u00f6ffentlichten Inhalte wie<\/p>\n<ul>\n<li>Texte<\/li>\n<li>Bilder<\/li>\n<li>Grafiken<\/li>\n<li>Layout einschlie\u00dflich der Gesamtanordnung auf den Webseiten<\/li>\n<\/ul>\n<p>Eine Vervielf\u00e4ltigung oder Verwendung solcher Texte, auch nur von Teilen, in anderen elektronischen oder gedruckten Publikationen und deren Ver\u00f6ffentlichung \u2013 auch im Internet \u2013 ist nur nach unserer vorherigen schriftlichen Genehmigung gestattet.<\/p>\n<p>Die kommerzielle Nutzung jeglicher Bestandteile dieses Internetauftrittes ist nicht gestattet!<\/p>\n<p>Der Nachdruck und die Auswertung von Pressemitteilungen und Reden sind nur mit korrekter und vollst\u00e4ndiger Quellenangabe gestattet.<\/p>\n<p>Die vorherige, schriftliche Genehmigung zur Publikation der Webseiten f\u00fcr eine private, nicht kommerzielle Nutzung kann im Einzelfall die Online-Redaktion erteilen.<\/p>\n<p>Die unerlaubte Reproduktion oder Weitergabe einzelner Inhalte oder kompletter Seiten wird straf- und zivilrechtlich verfolgt.<\/p>\n<p>Wir sind bestrebt, die Urheberrechte der verwendeten Bilder, Grafiken, Tondokumente, Videosequenzen und Texte zu beachten, selbst erstellte Bilder, Grafiken, Tondokumente, Videosequenzen und Texte zu nutzen oder auf lizenzfreie Bilder, Grafiken, Tondokumente, Videosequenzen und Texte zur\u00fcckzugreifen. Im Falle der Verlinkung mit der Website der Kommune ist aber jeder Websitebetreiber verpflichtet, auf eigene Verantwortung den Inhalt der jeweiligen Seite zu pr\u00fcfen und gegebenenfalls seinen Link zu entfernen.&nbsp;<\/p>\n<p>Alle innerhalb des Internetangebotes genannten und ggf. durch Dritte gesch\u00fctzten Marken- und Kennzeichen unterliegen uneingeschr\u00e4nkt den Bestimmungen des jeweils g\u00fcltigen Kennzeichenrechts und den Besitzrechten der jeweiligen eingetragenen Eigent\u00fcmer. Allein aufgrund der blo\u00dfen Nennung ist nicht der Schluss zu ziehen, dass Markenzeichen nicht durch Rechte Dritter gesch\u00fctzt sind!<\/p>\n<p>Alle Bilder \u2013 soweit nicht anders angegeben \u2013 stammen aus dem Pressearchiv der Stadt Altlandsberg sowie der&nbsp;Altstadthortes Altlandsberg.&nbsp;Diese Bilder wurden \u2013 soweit nichts anderes vermerkt ist \u2013 durch Mitarbeiter oder Mitglieder der&nbsp;Stadt Altlandsberg&nbsp;bzw. des&nbsp;Altstadthortes Altlandsberg erstellt.<\/p>\n<p>Die Rechte f\u00fcr ver\u00f6ffentlichte, von&nbsp; der Stadt Altlandsberg&nbsp;bzw. des Altstadthortes Altlandsberg selbst oder durch Mitarbeiter erstellte urheberrechtlich gesch\u00fctzte Werke bleiben ebenfalls allein bei der Stadt Altlandsberg bzw. des Altstadthortes Altlandsberg. Eine Vervielf\u00e4ltigung, Verbreitung und\/oder Verarbeitung und\/oder Verwendung solcher Bilder, Grafiken, Tondokumente, Videosequenzen und Texte in anderen elektronischen oder gedruckten Publikationen ist ohne unsere vorherige, ausdr\u00fcckliche, schriftliche Zustimmung nicht gestattet.<\/p>\n<p><strong>&nbsp;5. Verwendung der E-Mail-Adressen \u2013 Information zur elektronischen Kommunikation<\/strong><\/p>\n<p>Die angegebenen E-Mail-Adressen dienen zun\u00e4chst grunds\u00e4tzlich der Kommunikation ohne elektronische Signatur und\/oder Verschl\u00fcsselung.&nbsp;Die Stadt Altlandsberg hat jedoch den elektronischen Zugang f\u00fcr E-Mails mit qualifizierter elektronischer Signatur er\u00f6ffnet. Eine durch Rechtsvorschrift angeordnete Schriftform kann, soweit nicht durch Rechtsvorschrift etwas anderes bestimmt ist, durch die elektronische Form ersetzt werden. Die elektronische Form entwickelt die gleiche Rechtswirkung wie die unterschriebene Papierform (Schriftform). F\u00fcr die \u00dcbermittlung Ihrer qualifiziert elektronisch signierten Dokumente gelten spezielle Hinweise, die Sie unter &lt;Link zur Informationsseite elektronische Kommunikation<strong>&gt;&nbsp;<\/strong>abrufen k\u00f6nnen.<\/p>\n<p><strong>6. Rechtswirksamkeit<\/strong><\/p>\n<p>Sofern Teile oder einzelne Formulierungen dieses Textes der geltenden Rechtslage nicht, nicht mehr oder nicht vollst\u00e4ndig entsprechen sollten, bleiben die \u00fcbrigen Teile in ihrem Inhalt und ihrer G\u00fcltigkeit davon unber\u00fchrt.<\/p>\n<p>&nbsp;<\/p>\n","protected":false},"excerpt":{"rendered":"<p>1. Impressum Altstadthort Altlandsberg Klosterstra\u00dfe 8\/9 15345 Altlandsberg Telefon: 033438 &#8211; 1690 -78\/ -83 Email: hort@stadt-altlandsberg.de Leiterin: Jessica Baerwolf Verantwortlich f\u00fcr den Inhalt (V.i.S.d.P., \u00a7 6 TDG, EGG, \u00a7 6 MDStV): Jessica Baerwolf, Altstadt-Hort Altlandsberg Bildungstr\u00e4ger (Diensteanbieter im Sinne des RStV\/TMG): Stadt Altlandsberg, vertreten durch B\u00fcrgermeister Arno Jaeschke Berliner Allee 6 15345 Altlandsberg Tel: 033438 [&hellip;]<\/p>\n","protected":false},"author":2,"featured_media":0,"parent":0,"menu_order":0,"comment_status":"closed","ping_status":"closed","template":"","meta":{"ngg_post_thumbnail":0,"footnotes":""},"class_list":["post-94","page","type-page","status-publish","hentry"],"yoast_head":"<!-- This site is optimized with the Yoast SEO plugin v27.3 - https:\/\/yoast.com\/product\/yoast-seo-wordpress\/ -->\n<title>Impressum -<\/title>\n<meta name=\"robots\" content=\"noindex, nofollow\" \/>\n<meta property=\"og:locale\" content=\"de_DE\" \/>\n<meta property=\"og:type\" content=\"article\" \/>\n<meta property=\"og:title\" content=\"Impressum -\" \/>\n<meta property=\"og:description\" content=\"1. Impressum Altstadthort Altlandsberg Klosterstra\u00dfe 8\/9 15345 Altlandsberg Telefon: 033438 &#8211; 1690 -78\/ -83 Email: hort@stadt-altlandsberg.de Leiterin: Jessica Baerwolf Verantwortlich f\u00fcr den Inhalt (V.i.S.d.P., \u00a7 6 TDG, EGG, \u00a7 6 MDStV): Jessica Baerwolf, Altstadt-Hort Altlandsberg Bildungstr\u00e4ger (Diensteanbieter im Sinne des RStV\/TMG): Stadt Altlandsberg, vertreten durch B\u00fcrgermeister Arno Jaeschke Berliner Allee 6 15345 Altlandsberg Tel: 033438 [&hellip;]\" \/>\n<meta property=\"og:url\" content=\"http:\/\/www.altstadthort.altlandsberg.de\/?page_id=94\" \/>\n<meta property=\"article:modified_time\" content=\"2022-06-21T06:22:11+00:00\" \/>\n<meta name=\"twitter:card\" content=\"summary_large_image\" \/>\n<meta name=\"twitter:label1\" content=\"Gesch\u00e4tzte Lesezeit\" \/>\n\t<meta name=\"twitter:data1\" content=\"5\u00a0Minuten\" \/>\n<script type=\"application\/ld+json\" class=\"yoast-schema-graph\">{\"@context\":\"https:\\\/\\\/schema.org\",\"@graph\":[{\"@type\":\"WebPage\",\"@id\":\"http:\\\/\\\/www.altstadthort.altlandsberg.de\\\/?page_id=94\",\"url\":\"http:\\\/\\\/www.altstadthort.altlandsberg.de\\\/?page_id=94\",\"name\":\"Impressum -\",\"isPartOf\":{\"@id\":\"http:\\\/\\\/www.altstadthort.altlandsberg.de\\\/#website\"},\"datePublished\":\"2015-07-17T11:10:18+00:00\",\"dateModified\":\"2022-06-21T06:22:11+00:00\",\"breadcrumb\":{\"@id\":\"http:\\\/\\\/www.altstadthort.altlandsberg.de\\\/?page_id=94#breadcrumb\"},\"inLanguage\":\"de\",\"potentialAction\":[{\"@type\":\"ReadAction\",\"target\":[\"http:\\\/\\\/www.altstadthort.altlandsberg.de\\\/?page_id=94\"]}]},{\"@type\":\"BreadcrumbList\",\"@id\":\"http:\\\/\\\/www.altstadthort.altlandsberg.de\\\/?page_id=94#breadcrumb\",\"itemListElement\":[{\"@type\":\"ListItem\",\"position\":1,\"name\":\"Startseite\",\"item\":\"http:\\\/\\\/www.altstadthort.altlandsberg.de\\\/\"},{\"@type\":\"ListItem\",\"position\":2,\"name\":\"Impressum\"}]},{\"@type\":\"WebSite\",\"@id\":\"http:\\\/\\\/www.altstadthort.altlandsberg.de\\\/#website\",\"url\":\"http:\\\/\\\/www.altstadthort.altlandsberg.de\\\/\",\"name\":\"\",\"description\":\"\",\"potentialAction\":[{\"@type\":\"SearchAction\",\"target\":{\"@type\":\"EntryPoint\",\"urlTemplate\":\"http:\\\/\\\/www.altstadthort.altlandsberg.de\\\/?s={search_term_string}\"},\"query-input\":{\"@type\":\"PropertyValueSpecification\",\"valueRequired\":true,\"valueName\":\"search_term_string\"}}],\"inLanguage\":\"de\"}]}<\/script>\n<!-- \/ Yoast SEO plugin. -->","yoast_head_json":{"title":"Impressum -","robots":{"index":"noindex","follow":"nofollow"},"og_locale":"de_DE","og_type":"article","og_title":"Impressum -","og_description":"1. Impressum Altstadthort Altlandsberg Klosterstra\u00dfe 8\/9 15345 Altlandsberg Telefon: 033438 &#8211; 1690 -78\/ -83 Email: hort@stadt-altlandsberg.de Leiterin: Jessica Baerwolf Verantwortlich f\u00fcr den Inhalt (V.i.S.d.P., \u00a7 6 TDG, EGG, \u00a7 6 MDStV): Jessica Baerwolf, Altstadt-Hort Altlandsberg Bildungstr\u00e4ger (Diensteanbieter im Sinne des RStV\/TMG): Stadt Altlandsberg, vertreten durch B\u00fcrgermeister Arno Jaeschke Berliner Allee 6 15345 Altlandsberg Tel: 033438 [&hellip;]","og_url":"http:\/\/www.altstadthort.altlandsberg.de\/?page_id=94","article_modified_time":"2022-06-21T06:22:11+00:00","twitter_card":"summary_large_image","twitter_misc":{"Gesch\u00e4tzte Lesezeit":"5\u00a0Minuten"},"schema":{"@context":"https:\/\/schema.org","@graph":[{"@type":"WebPage","@id":"http:\/\/www.altstadthort.altlandsberg.de\/?page_id=94","url":"http:\/\/www.altstadthort.altlandsberg.de\/?page_id=94","name":"Impressum -","isPartOf":{"@id":"http:\/\/www.altstadthort.altlandsberg.de\/#website"},"datePublished":"2015-07-17T11:10:18+00:00","dateModified":"2022-06-21T06:22:11+00:00","breadcrumb":{"@id":"http:\/\/www.altstadthort.altlandsberg.de\/?page_id=94#breadcrumb"},"inLanguage":"de","potentialAction":[{"@type":"ReadAction","target":["http:\/\/www.altstadthort.altlandsberg.de\/?page_id=94"]}]},{"@type":"BreadcrumbList","@id":"http:\/\/www.altstadthort.altlandsberg.de\/?page_id=94#breadcrumb","itemListElement":[{"@type":"ListItem","position":1,"name":"Startseite","item":"http:\/\/www.altstadthort.altlandsberg.de\/"},{"@type":"ListItem","position":2,"name":"Impressum"}]},{"@type":"WebSite","@id":"http:\/\/www.altstadthort.altlandsberg.de\/#website","url":"http:\/\/www.altstadthort.altlandsberg.de\/","name":"","description":"","potentialAction":[{"@type":"SearchAction","target":{"@type":"EntryPoint","urlTemplate":"http:\/\/www.altstadthort.altlandsberg.de\/?s={search_term_string}"},"query-input":{"@type":"PropertyValueSpecification","valueRequired":true,"valueName":"search_term_string"}}],"inLanguage":"de"}]}},"_links":{"self":[{"href":"http:\/\/www.altstadthort.altlandsberg.de\/index.php?rest_route=\/wp\/v2\/pages\/94","targetHints":{"allow":["GET"]}}],"collection":[{"href":"http:\/\/www.altstadthort.altlandsberg.de\/index.php?rest_route=\/wp\/v2\/pages"}],"about":[{"href":"http:\/\/www.altstadthort.altlandsberg.de\/index.php?rest_route=\/wp\/v2\/types\/page"}],"author":[{"embeddable":true,"href":"http:\/\/www.altstadthort.altlandsberg.de\/index.php?rest_route=\/wp\/v2\/users\/2"}],"replies":[{"embeddable":true,"href":"http:\/\/www.altstadthort.altlandsberg.de\/index.php?rest_route=%2Fwp%2Fv2%2Fcomments&post=94"}],"version-history":[{"count":12,"href":"http:\/\/www.altstadthort.altlandsberg.de\/index.php?rest_route=\/wp\/v2\/pages\/94\/revisions"}],"predecessor-version":[{"id":971,"href":"http:\/\/www.altstadthort.altlandsberg.de\/index.php?rest_route=\/wp\/v2\/pages\/94\/revisions\/971"}],"wp:attachment":[{"href":"http:\/\/www.altstadthort.altlandsberg.de\/index.php?rest_route=%2Fwp%2Fv2%2Fmedia&parent=94"}],"curies":[{"name":"wp","href":"https:\/\/api.w.org\/{rel}","templated":true}]}}