{"id":992,"date":"2022-10-07T15:32:24","date_gmt":"2022-10-07T13:32:24","guid":{"rendered":"http:\/\/www.altstadthort.altlandsberg.de\/?page_id=992"},"modified":"2024-02-01T08:50:45","modified_gmt":"2024-02-01T07:50:45","slug":"bilderchronik-2022","status":"publish","type":"page","link":"http:\/\/www.altstadthort.altlandsberg.de\/?page_id=992","title":{"rendered":"Bilderchronik 2022"},"content":{"rendered":"<p class=\"has-text-align-left has-medium-font-size\"><span style=\"color: #ff00ff;\"><strong><em><span class=\"has-inline-color has-vivid-cyan-blue-color\"><span style=\"color: #ff00ff;\">Fasching im Altstadt &#8211; Hort&nbsp;<\/span><\/span><\/em><\/strong><\/span><\/p>\n<p>Am Rosenmontag haben wir mit unseren Hort-Kindern Fasching gefeiert. <a href=\"http:\/\/www.altstadthort.altlandsberg.de\/wp-content\/uploads\/2022\/03\/Polonaise.jpg\"><img loading=\"lazy\" decoding=\"async\" class=\"size-medium wp-image-920 aligncenter\" src=\"http:\/\/www.altstadthort.altlandsberg.de\/wp-content\/uploads\/2022\/03\/Polonaise-226x300.jpg\" alt=\"\" width=\"226\" height=\"300\" srcset=\"http:\/\/www.altstadthort.altlandsberg.de\/wp-content\/uploads\/2022\/03\/Polonaise-226x300.jpg 226w, http:\/\/www.altstadthort.altlandsberg.de\/wp-content\/uploads\/2022\/03\/Polonaise-771x1024.jpg 771w, http:\/\/www.altstadthort.altlandsberg.de\/wp-content\/uploads\/2022\/03\/Polonaise-768x1020.jpg 768w, http:\/\/www.altstadthort.altlandsberg.de\/wp-content\/uploads\/2022\/03\/Polonaise-1157x1536.jpg 1157w, http:\/\/www.altstadthort.altlandsberg.de\/wp-content\/uploads\/2022\/03\/Polonaise.jpg 1536w\" sizes=\"auto, (max-width: 226px) 100vw, 226px\" \/><\/a> Mit \u00fcber 200 Kindern ging es zum kr\u00f6nenden Abschluss in Polonaise \u00fcber Tisch und B\u00e4nke&#8230;. <a href=\"http:\/\/www.altstadthort.altlandsberg.de\/wp-content\/uploads\/2022\/03\/Tischkrabbeln.jpg\"><img loading=\"lazy\" decoding=\"async\" class=\"size-medium wp-image-921 aligncenter\" src=\"http:\/\/www.altstadthort.altlandsberg.de\/wp-content\/uploads\/2022\/03\/Tischkrabbeln-226x300.jpg\" alt=\"\" width=\"226\" height=\"300\" srcset=\"http:\/\/www.altstadthort.altlandsberg.de\/wp-content\/uploads\/2022\/03\/Tischkrabbeln-226x300.jpg 226w, http:\/\/www.altstadthort.altlandsberg.de\/wp-content\/uploads\/2022\/03\/Tischkrabbeln-771x1024.jpg 771w, http:\/\/www.altstadthort.altlandsberg.de\/wp-content\/uploads\/2022\/03\/Tischkrabbeln-768x1020.jpg 768w, http:\/\/www.altstadthort.altlandsberg.de\/wp-content\/uploads\/2022\/03\/Tischkrabbeln-1157x1536.jpg 1157w, http:\/\/www.altstadthort.altlandsberg.de\/wp-content\/uploads\/2022\/03\/Tischkrabbeln.jpg 1536w\" sizes=\"auto, (max-width: 226px) 100vw, 226px\" \/><\/a> &#8230;denn&nbsp;<strong>gemeinsam<\/strong> schaffen wir so viele Hindernisse zu \u00fcberwinden und uns in schwierigen Zeiten zu motivieren und zu unterst\u00fctzen. Am Ende flogen noch einige Kamellen durch die Luft, die uns der <a href=\"http:\/\/www.altstadthort.altlandsberg.de\/?page_id=385\">F\u00f6rderverein des Altstadt-Hortes<\/a> spendierte. <a href=\"http:\/\/www.altstadthort.altlandsberg.de\/wp-content\/uploads\/2022\/03\/Kamelle.jpg\"><img loading=\"lazy\" decoding=\"async\" class=\"aligncenter wp-image-919 size-large\" src=\"http:\/\/www.altstadthort.altlandsberg.de\/wp-content\/uploads\/2022\/03\/Kamelle-1024x771.jpg\" alt=\"\" width=\"610\" height=\"459\" srcset=\"http:\/\/www.altstadthort.altlandsberg.de\/wp-content\/uploads\/2022\/03\/Kamelle-1024x771.jpg 1024w, http:\/\/www.altstadthort.altlandsberg.de\/wp-content\/uploads\/2022\/03\/Kamelle-300x226.jpg 300w, http:\/\/www.altstadthort.altlandsberg.de\/wp-content\/uploads\/2022\/03\/Kamelle-768x578.jpg 768w, http:\/\/www.altstadthort.altlandsberg.de\/wp-content\/uploads\/2022\/03\/Kamelle-1536x1157.jpg 1536w, http:\/\/www.altstadthort.altlandsberg.de\/wp-content\/uploads\/2022\/03\/Kamelle.jpg 2040w\" sizes=\"auto, (max-width: 610px) 100vw, 610px\" \/><\/a><\/p>\n<p>&nbsp;<\/p>\n<p>&nbsp;<\/p>\n<p><em><strong><span style=\"color: #339966;\">Der Backbus in der Klosterstra\u00dfe<\/span><\/strong><\/em><\/p>\n<p><span style=\"color: #000000;\">In den Ferien war der Backbus f\u00fcr unsere Hortkinder da. Durch unseren Patenschaftsvertrag &#8222;Fit von klein auf &#8211; Gesunde Kinder sind starke Kinder&#8220; mit der <span style=\"color: #0000ff;\">BKK-VBU<\/span>&nbsp;<span style=\"color: #000000;\">konnten unsere Ferienkinder beim Kneten und Backen so richtig aktiv werden:<\/span><\/span><\/p>\n<p><a href=\"http:\/\/www.altstadthort.altlandsberg.de\/wp-content\/uploads\/2022\/04\/Collage1.jpg\"><img loading=\"lazy\" decoding=\"async\" class=\"alignnone wp-image-946 size-large\" src=\"http:\/\/www.altstadthort.altlandsberg.de\/wp-content\/uploads\/2022\/04\/Collage1-1024x768.jpg\" alt=\"\" width=\"610\" height=\"458\" srcset=\"http:\/\/www.altstadthort.altlandsberg.de\/wp-content\/uploads\/2022\/04\/Collage1-1024x768.jpg 1024w, http:\/\/www.altstadthort.altlandsberg.de\/wp-content\/uploads\/2022\/04\/Collage1-300x225.jpg 300w, http:\/\/www.altstadthort.altlandsberg.de\/wp-content\/uploads\/2022\/04\/Collage1-768x576.jpg 768w, http:\/\/www.altstadthort.altlandsberg.de\/wp-content\/uploads\/2022\/04\/Collage1-1536x1152.jpg 1536w, http:\/\/www.altstadthort.altlandsberg.de\/wp-content\/uploads\/2022\/04\/Collage1.jpg 1600w\" sizes=\"auto, (max-width: 610px) 100vw, 610px\" \/><\/a><\/p>\n<p>Das Ziel:<br \/>die Lust auf eine ausgewogene und leckere Ern\u00e4hrung zu wecken und das Bewusstsein<br \/>f\u00fcr das Handwerk des Innungsb\u00e4ckers zu sch\u00e4rfen.<\/p>\n<p><a href=\"http:\/\/www.altstadthort.altlandsberg.de\/wp-content\/uploads\/2022\/04\/Collage2.jpg\"><img loading=\"lazy\" decoding=\"async\" class=\"alignnone size-large wp-image-947\" src=\"http:\/\/www.altstadthort.altlandsberg.de\/wp-content\/uploads\/2022\/04\/Collage2-1024x768.jpg\" alt=\"\" width=\"610\" height=\"458\" srcset=\"http:\/\/www.altstadthort.altlandsberg.de\/wp-content\/uploads\/2022\/04\/Collage2-1024x768.jpg 1024w, http:\/\/www.altstadthort.altlandsberg.de\/wp-content\/uploads\/2022\/04\/Collage2-300x225.jpg 300w, http:\/\/www.altstadthort.altlandsberg.de\/wp-content\/uploads\/2022\/04\/Collage2-768x576.jpg 768w, http:\/\/www.altstadthort.altlandsberg.de\/wp-content\/uploads\/2022\/04\/Collage2-1536x1152.jpg 1536w, http:\/\/www.altstadthort.altlandsberg.de\/wp-content\/uploads\/2022\/04\/Collage2.jpg 1600w\" sizes=\"auto, (max-width: 610px) 100vw, 610px\" \/><\/a><\/p>\n<p>&nbsp;<\/p>\n","protected":false},"excerpt":{"rendered":"<p>Fasching im Altstadt &#8211; Hort&nbsp; Am Rosenmontag haben wir mit unseren Hort-Kindern Fasching gefeiert. Mit \u00fcber 200 Kindern ging es zum kr\u00f6nenden Abschluss in Polonaise \u00fcber Tisch und B\u00e4nke&#8230;. &#8230;denn&nbsp;gemeinsam schaffen wir so viele Hindernisse zu \u00fcberwinden und uns in schwierigen Zeiten zu motivieren und zu unterst\u00fctzen. Am Ende flogen noch einige Kamellen durch die [&hellip;]<\/p>\n","protected":false},"author":2,"featured_media":0,"parent":0,"menu_order":0,"comment_status":"closed","ping_status":"closed","template":"","meta":{"ngg_post_thumbnail":0,"footnotes":""},"class_list":["post-992","page","type-page","status-publish","hentry"],"yoast_head":"<!-- This site is optimized with the Yoast SEO plugin v27.3 - https:\/\/yoast.com\/product\/yoast-seo-wordpress\/ -->\n<title>Bilderchronik 2022 -<\/title>\n<meta name=\"robots\" content=\"index, follow, max-snippet:-1, max-image-preview:large, max-video-preview:-1\" \/>\n<link rel=\"canonical\" href=\"http:\/\/www.altstadthort.altlandsberg.de\/?page_id=992\" \/>\n<meta property=\"og:locale\" content=\"de_DE\" \/>\n<meta property=\"og:type\" content=\"article\" \/>\n<meta property=\"og:title\" content=\"Bilderchronik 2022 -\" \/>\n<meta property=\"og:description\" content=\"Fasching im Altstadt &#8211; Hort&nbsp; Am Rosenmontag haben wir mit unseren Hort-Kindern Fasching gefeiert. Mit \u00fcber 200 Kindern ging es zum kr\u00f6nenden Abschluss in Polonaise \u00fcber Tisch und B\u00e4nke&#8230;. &#8230;denn&nbsp;gemeinsam schaffen wir so viele Hindernisse zu \u00fcberwinden und uns in schwierigen Zeiten zu motivieren und zu unterst\u00fctzen. Am Ende flogen noch einige Kamellen durch die [&hellip;]\" \/>\n<meta property=\"og:url\" content=\"http:\/\/www.altstadthort.altlandsberg.de\/?page_id=992\" \/>\n<meta property=\"article:modified_time\" content=\"2024-02-01T07:50:45+00:00\" \/>\n<meta property=\"og:image\" content=\"http:\/\/www.altstadthort.altlandsberg.de\/wp-content\/uploads\/2022\/03\/Polonaise-226x300.jpg\" \/>\n<meta name=\"twitter:card\" content=\"summary_large_image\" \/>\n<meta name=\"twitter:label1\" content=\"Gesch\u00e4tzte Lesezeit\" \/>\n\t<meta name=\"twitter:data1\" content=\"1\u00a0Minute\" \/>\n<script type=\"application\/ld+json\" class=\"yoast-schema-graph\">{\"@context\":\"https:\\\/\\\/schema.org\",\"@graph\":[{\"@type\":\"WebPage\",\"@id\":\"http:\\\/\\\/www.altstadthort.altlandsberg.de\\\/?page_id=992\",\"url\":\"http:\\\/\\\/www.altstadthort.altlandsberg.de\\\/?page_id=992\",\"name\":\"Bilderchronik 2022 -\",\"isPartOf\":{\"@id\":\"http:\\\/\\\/www.altstadthort.altlandsberg.de\\\/#website\"},\"primaryImageOfPage\":{\"@id\":\"http:\\\/\\\/www.altstadthort.altlandsberg.de\\\/?page_id=992#primaryimage\"},\"image\":{\"@id\":\"http:\\\/\\\/www.altstadthort.altlandsberg.de\\\/?page_id=992#primaryimage\"},\"thumbnailUrl\":\"http:\\\/\\\/www.altstadthort.altlandsberg.de\\\/wp-content\\\/uploads\\\/2022\\\/03\\\/Polonaise-226x300.jpg\",\"datePublished\":\"2022-10-07T13:32:24+00:00\",\"dateModified\":\"2024-02-01T07:50:45+00:00\",\"breadcrumb\":{\"@id\":\"http:\\\/\\\/www.altstadthort.altlandsberg.de\\\/?page_id=992#breadcrumb\"},\"inLanguage\":\"de\",\"potentialAction\":[{\"@type\":\"ReadAction\",\"target\":[\"http:\\\/\\\/www.altstadthort.altlandsberg.de\\\/?page_id=992\"]}]},{\"@type\":\"ImageObject\",\"inLanguage\":\"de\",\"@id\":\"http:\\\/\\\/www.altstadthort.altlandsberg.de\\\/?page_id=992#primaryimage\",\"url\":\"http:\\\/\\\/www.altstadthort.altlandsberg.de\\\/wp-content\\\/uploads\\\/2022\\\/03\\\/Polonaise.jpg\",\"contentUrl\":\"http:\\\/\\\/www.altstadthort.altlandsberg.de\\\/wp-content\\\/uploads\\\/2022\\\/03\\\/Polonaise.jpg\",\"width\":1536,\"height\":2040},{\"@type\":\"BreadcrumbList\",\"@id\":\"http:\\\/\\\/www.altstadthort.altlandsberg.de\\\/?page_id=992#breadcrumb\",\"itemListElement\":[{\"@type\":\"ListItem\",\"position\":1,\"name\":\"Startseite\",\"item\":\"http:\\\/\\\/www.altstadthort.altlandsberg.de\\\/\"},{\"@type\":\"ListItem\",\"position\":2,\"name\":\"Bilderchronik 2022\"}]},{\"@type\":\"WebSite\",\"@id\":\"http:\\\/\\\/www.altstadthort.altlandsberg.de\\\/#website\",\"url\":\"http:\\\/\\\/www.altstadthort.altlandsberg.de\\\/\",\"name\":\"\",\"description\":\"\",\"potentialAction\":[{\"@type\":\"SearchAction\",\"target\":{\"@type\":\"EntryPoint\",\"urlTemplate\":\"http:\\\/\\\/www.altstadthort.altlandsberg.de\\\/?s={search_term_string}\"},\"query-input\":{\"@type\":\"PropertyValueSpecification\",\"valueRequired\":true,\"valueName\":\"search_term_string\"}}],\"inLanguage\":\"de\"}]}<\/script>\n<!-- \/ Yoast SEO plugin. -->","yoast_head_json":{"title":"Bilderchronik 2022 -","robots":{"index":"index","follow":"follow","max-snippet":"max-snippet:-1","max-image-preview":"max-image-preview:large","max-video-preview":"max-video-preview:-1"},"canonical":"http:\/\/www.altstadthort.altlandsberg.de\/?page_id=992","og_locale":"de_DE","og_type":"article","og_title":"Bilderchronik 2022 -","og_description":"Fasching im Altstadt &#8211; Hort&nbsp; Am Rosenmontag haben wir mit unseren Hort-Kindern Fasching gefeiert. Mit \u00fcber 200 Kindern ging es zum kr\u00f6nenden Abschluss in Polonaise \u00fcber Tisch und B\u00e4nke&#8230;. &#8230;denn&nbsp;gemeinsam schaffen wir so viele Hindernisse zu \u00fcberwinden und uns in schwierigen Zeiten zu motivieren und zu unterst\u00fctzen. Am Ende flogen noch einige Kamellen durch die [&hellip;]","og_url":"http:\/\/www.altstadthort.altlandsberg.de\/?page_id=992","article_modified_time":"2024-02-01T07:50:45+00:00","og_image":[{"url":"http:\/\/www.altstadthort.altlandsberg.de\/wp-content\/uploads\/2022\/03\/Polonaise-226x300.jpg","type":"","width":"","height":""}],"twitter_card":"summary_large_image","twitter_misc":{"Gesch\u00e4tzte Lesezeit":"1\u00a0Minute"},"schema":{"@context":"https:\/\/schema.org","@graph":[{"@type":"WebPage","@id":"http:\/\/www.altstadthort.altlandsberg.de\/?page_id=992","url":"http:\/\/www.altstadthort.altlandsberg.de\/?page_id=992","name":"Bilderchronik 2022 -","isPartOf":{"@id":"http:\/\/www.altstadthort.altlandsberg.de\/#website"},"primaryImageOfPage":{"@id":"http:\/\/www.altstadthort.altlandsberg.de\/?page_id=992#primaryimage"},"image":{"@id":"http:\/\/www.altstadthort.altlandsberg.de\/?page_id=992#primaryimage"},"thumbnailUrl":"http:\/\/www.altstadthort.altlandsberg.de\/wp-content\/uploads\/2022\/03\/Polonaise-226x300.jpg","datePublished":"2022-10-07T13:32:24+00:00","dateModified":"2024-02-01T07:50:45+00:00","breadcrumb":{"@id":"http:\/\/www.altstadthort.altlandsberg.de\/?page_id=992#breadcrumb"},"inLanguage":"de","potentialAction":[{"@type":"ReadAction","target":["http:\/\/www.altstadthort.altlandsberg.de\/?page_id=992"]}]},{"@type":"ImageObject","inLanguage":"de","@id":"http:\/\/www.altstadthort.altlandsberg.de\/?page_id=992#primaryimage","url":"http:\/\/www.altstadthort.altlandsberg.de\/wp-content\/uploads\/2022\/03\/Polonaise.jpg","contentUrl":"http:\/\/www.altstadthort.altlandsberg.de\/wp-content\/uploads\/2022\/03\/Polonaise.jpg","width":1536,"height":2040},{"@type":"BreadcrumbList","@id":"http:\/\/www.altstadthort.altlandsberg.de\/?page_id=992#breadcrumb","itemListElement":[{"@type":"ListItem","position":1,"name":"Startseite","item":"http:\/\/www.altstadthort.altlandsberg.de\/"},{"@type":"ListItem","position":2,"name":"Bilderchronik 2022"}]},{"@type":"WebSite","@id":"http:\/\/www.altstadthort.altlandsberg.de\/#website","url":"http:\/\/www.altstadthort.altlandsberg.de\/","name":"","description":"","potentialAction":[{"@type":"SearchAction","target":{"@type":"EntryPoint","urlTemplate":"http:\/\/www.altstadthort.altlandsberg.de\/?s={search_term_string}"},"query-input":{"@type":"PropertyValueSpecification","valueRequired":true,"valueName":"search_term_string"}}],"inLanguage":"de"}]}},"_links":{"self":[{"href":"http:\/\/www.altstadthort.altlandsberg.de\/index.php?rest_route=\/wp\/v2\/pages\/992","targetHints":{"allow":["GET"]}}],"collection":[{"href":"http:\/\/www.altstadthort.altlandsberg.de\/index.php?rest_route=\/wp\/v2\/pages"}],"about":[{"href":"http:\/\/www.altstadthort.altlandsberg.de\/index.php?rest_route=\/wp\/v2\/types\/page"}],"author":[{"embeddable":true,"href":"http:\/\/www.altstadthort.altlandsberg.de\/index.php?rest_route=\/wp\/v2\/users\/2"}],"replies":[{"embeddable":true,"href":"http:\/\/www.altstadthort.altlandsberg.de\/index.php?rest_route=%2Fwp%2Fv2%2Fcomments&post=992"}],"version-history":[{"count":3,"href":"http:\/\/www.altstadthort.altlandsberg.de\/index.php?rest_route=\/wp\/v2\/pages\/992\/revisions"}],"predecessor-version":[{"id":1091,"href":"http:\/\/www.altstadthort.altlandsberg.de\/index.php?rest_route=\/wp\/v2\/pages\/992\/revisions\/1091"}],"wp:attachment":[{"href":"http:\/\/www.altstadthort.altlandsberg.de\/index.php?rest_route=%2Fwp%2Fv2%2Fmedia&parent=992"}],"curies":[{"name":"wp","href":"https:\/\/api.w.org\/{rel}","templated":true}]}}